{"id":18409,"date":"2014-12-01T12:34:31","date_gmt":"2014-12-01T11:34:31","guid":{"rendered":"http:\/\/grete.duna.no\/blog\/?page_id=18409"},"modified":"2015-10-21T08:36:58","modified_gmt":"2015-10-21T06:36:58","slug":"fredrik-sin-tale","status":"publish","type":"page","link":"http:\/\/grete.duna.no\/blog\/grete\/bryllupet-vart\/fredrik-sin-tale\/","title":{"rendered":"Fredrik sin tale"},"content":{"rendered":"<p>Holdt under festmiddagen 28. august 1999<\/p>\n<p>Kj\u00e6re mamma og Olav, Sondre og Tobias<br \/>\n\u00c6 vil gjerne f\u00f8rst si noen ord om sm\u00e5br\u00f8drene mine.<br \/>\nVi fikk vite ganske tidlig at d\u00e6m skulle komme &#8211;<br \/>\nOg Margrete og \u00e6 syns det vart veldig lenge \u00e5 vente.<br \/>\nMen endelig va d\u00e6m der &#8211; og det var to prakteksemplar<\/p>\n<p>\u00c6 for min del som har to s\u00f8stre fra f\u00f8r, syns det var<br \/>\nsupert at det vart to gutta, og \u00e6 glede m\u00e6 til \u00e5 l\u00e6re dem \u00e5 spille fotball<br \/>\nVi f\u00e5r berre h\u00e5pe at Margrete ikke l\u00e6re dem altfor mye jentetoill<\/p>\n<p>I alle fall, gratulerer med dagen Sondre og Tobias.<\/p>\n<p>Til mamma vil \u00e6 si at du e stort sett snill og grei, men du mase f\u00e6lt av<br \/>\nog til, s\u00e6rlig om l\u00e6ksa og s\u00e5nt, n\u00e5r vi har lyst \u00e5 gj\u00f8r andre ting. Men<br \/>\nvi forst\u00e5r at du har my \u00e5 st\u00e5 i med, s\u00e5 Margrete og \u00e6 skal pr\u00f8v \u00e5 v\u00e6r<br \/>\nlitt grei vi \u00e5. Du har i alle fall funne en alle tiders kar n\u00e5r du no f\u00f8rst<br \/>\nskoill finn p\u00e5 \u00e5 gift d\u00e6.<\/p>\n<p>Til d\u00e6 Olav vil \u00e6 si at du e modig som vil gift d\u00e6 med oss. Som du<br \/>\nvel veit er vi noks\u00e5 br\u00e5kete av oss av og til, og vi kan vel itj heilt love<br \/>\nat det blir slutt med det.<\/p>\n<p>Ellers m\u00e5 \u00e6 fort\u00e6l at Olav no endelig begynner \u00e5 bli sj\u00f8mann. Han<br \/>\nvar litt av en landkrabbe i starten. Det hender fremdeles han blir litt<br \/>\ngr\u00f8nn i fjeset n\u00e5r han e med bestefar og m\u00e6 p\u00e5 Fr\u00f8yfjorden, men det<br \/>\nkj\u00e6m s\u00e6.<\/p>\n<p>B\u00e5de Margrete og \u00e6 syns du er veldig snill Olav, og du stille alltid<br \/>\nopp for oss.<\/p>\n<p>\u00c6 vil \u00f8nske oss alle sammen til lykke med dagen!<\/p>\n<p>Takk for oppmerksomheta. (bukke)<\/p>\n","protected":false},"excerpt":{"rendered":"<p>Holdt under festmiddagen 28. august 1999 Kj\u00e6re mamma og Olav, Sondre og Tobias \u00c6 vil gjerne f\u00f8rst si noen ord om sm\u00e5br\u00f8drene mine. Vi fikk vite ganske tidlig at d\u00e6m skulle komme &#8211; Og Margrete og \u00e6 syns det vart veldig lenge \u00e5 vente. Men endelig va d\u00e6m der &#8211; og det var to prakteksemplar &hellip; <a href=\"http:\/\/grete.duna.no\/blog\/grete\/bryllupet-vart\/fredrik-sin-tale\/\" class=\"more-link\">Continue reading<span class=\"screen-reader-text\"> &#8220;Fredrik sin tale&#8221;<\/span><\/a><\/p>\n","protected":false},"author":2,"featured_media":0,"parent":18400,"menu_order":0,"comment_status":"closed","ping_status":"closed","template":"","meta":[],"_links":{"self":[{"href":"http:\/\/grete.duna.no\/blog\/wp-json\/wp\/v2\/pages\/18409"}],"collection":[{"href":"http:\/\/grete.duna.no\/blog\/wp-json\/wp\/v2\/pages"}],"about":[{"href":"http:\/\/grete.duna.no\/blog\/wp-json\/wp\/v2\/types\/page"}],"author":[{"embeddable":true,"href":"http:\/\/grete.duna.no\/blog\/wp-json\/wp\/v2\/users\/2"}],"replies":[{"embeddable":true,"href":"http:\/\/grete.duna.no\/blog\/wp-json\/wp\/v2\/comments?post=18409"}],"version-history":[{"count":1,"href":"http:\/\/grete.duna.no\/blog\/wp-json\/wp\/v2\/pages\/18409\/revisions"}],"predecessor-version":[{"id":18410,"href":"http:\/\/grete.duna.no\/blog\/wp-json\/wp\/v2\/pages\/18409\/revisions\/18410"}],"up":[{"embeddable":true,"href":"http:\/\/grete.duna.no\/blog\/wp-json\/wp\/v2\/pages\/18400"}],"wp:attachment":[{"href":"http:\/\/grete.duna.no\/blog\/wp-json\/wp\/v2\/media?parent=18409"}],"curies":[{"name":"wp","href":"https:\/\/api.w.org\/{rel}","templated":true}]}}