{"id":22436,"date":"2017-12-19T14:40:06","date_gmt":"2017-12-19T13:40:06","guid":{"rendered":"https:\/\/grete.duna.no\/blog\/?page_id=22436"},"modified":"2021-06-02T10:44:06","modified_gmt":"2021-06-02T08:44:06","slug":"hjerterommet","status":"publish","type":"page","link":"http:\/\/grete.duna.no\/blog\/hjemme\/hjerterommet\/","title":{"rendered":"Hjerterommet"},"content":{"rendered":"<p>Les <a href=\"https:\/\/grete.duna.no\/blog\/tag\/hjerterommet\/\">innlegg merket med Hjerterommet<\/a> her<\/p>\n<p><a href=\"https:\/\/grete.duna.no\/blog\/wp-content\/uploads\/2021\/06\/utekontor3.jpg\"><img decoding=\"async\" loading=\"lazy\" class=\"alignright size-full wp-image-25374\" style=\"border: 1px solid black;\" src=\"https:\/\/grete.duna.no\/blog\/wp-content\/uploads\/2021\/06\/utekontor3.jpg\" alt=\"\" width=\"1280\" height=\"850\" srcset=\"http:\/\/grete.duna.no\/blog\/wp-content\/uploads\/2021\/06\/utekontor3.jpg 1280w, http:\/\/grete.duna.no\/blog\/wp-content\/uploads\/2021\/06\/utekontor3-300x199.jpg 300w, http:\/\/grete.duna.no\/blog\/wp-content\/uploads\/2021\/06\/utekontor3-1024x680.jpg 1024w, http:\/\/grete.duna.no\/blog\/wp-content\/uploads\/2021\/06\/utekontor3-768x510.jpg 768w, http:\/\/grete.duna.no\/blog\/wp-content\/uploads\/2021\/06\/utekontor3-1200x797.jpg 1200w\" sizes=\"(max-width: 709px) 85vw, (max-width: 909px) 67vw, (max-width: 1362px) 62vw, 840px\" \/><\/a><br \/>\nTenk s\u00e5 heldig jeg er som har min helt egen lekestue! Den gamle moelvenbrakka er pusset opp i flere omganger, og n\u00e5 har jeg f\u00e5tt den innredet til systue, garnlager, overnattingsrom og rekreasjonshule. Her er det b\u00e5de lys og varme, radio og lesestoff. Og massevis av hjerterom \u2665<\/p>\n<figure id=\"attachment_22336\" aria-describedby=\"caption-attachment-22336\" style=\"width: 650px\" class=\"wp-caption aligncenter\"><a href=\"https:\/\/grete.duna.no\/blog\/wp-content\/uploads\/2017\/11\/sortert-garnhylle.jpg\"><img decoding=\"async\" loading=\"lazy\" class=\"wp-image-22336 size-full\" style=\"border: 1px solid black;\" src=\"https:\/\/grete.duna.no\/blog\/wp-content\/uploads\/2017\/11\/sortert-garnhylle.jpg\" alt=\"\" width=\"650\" height=\"1280\" srcset=\"http:\/\/grete.duna.no\/blog\/wp-content\/uploads\/2017\/11\/sortert-garnhylle.jpg 650w, http:\/\/grete.duna.no\/blog\/wp-content\/uploads\/2017\/11\/sortert-garnhylle-152x300.jpg 152w, http:\/\/grete.duna.no\/blog\/wp-content\/uploads\/2017\/11\/sortert-garnhylle-520x1024.jpg 520w\" sizes=\"(max-width: 650px) 85vw, 650px\" \/><\/a><figcaption id=\"caption-attachment-22336\" class=\"wp-caption-text\">Garnhylla mi \u2013 selve hjertet i hjerterommet \u2665\ufe0f<\/figcaption><\/figure>\n<figure id=\"attachment_22331\" aria-describedby=\"caption-attachment-22331\" style=\"width: 1280px\" class=\"wp-caption aligncenter\"><a href=\"https:\/\/grete.duna.no\/blog\/wp-content\/uploads\/2017\/11\/hjerterommet-november.jpg\"><img decoding=\"async\" loading=\"lazy\" class=\"wp-image-22331 size-full\" style=\"border: 1px solid black;\" src=\"https:\/\/grete.duna.no\/blog\/wp-content\/uploads\/2017\/11\/hjerterommet-november.jpg\" alt=\"\" width=\"1280\" height=\"778\" srcset=\"http:\/\/grete.duna.no\/blog\/wp-content\/uploads\/2017\/11\/hjerterommet-november.jpg 1280w, http:\/\/grete.duna.no\/blog\/wp-content\/uploads\/2017\/11\/hjerterommet-november-300x182.jpg 300w, http:\/\/grete.duna.no\/blog\/wp-content\/uploads\/2017\/11\/hjerterommet-november-768x467.jpg 768w, http:\/\/grete.duna.no\/blog\/wp-content\/uploads\/2017\/11\/hjerterommet-november-1024x622.jpg 1024w\" sizes=\"(max-width: 709px) 85vw, (max-width: 909px) 67vw, (max-width: 1362px) 62vw, 840px\" \/><\/a><figcaption id=\"caption-attachment-22331\" class=\"wp-caption-text\">Koselig belysning, soveplass og sybord med tipp-topp utstyr<\/figcaption><\/figure>\n","protected":false},"excerpt":{"rendered":"<p>Les innlegg merket med Hjerterommet her Tenk s\u00e5 heldig jeg er som har min helt egen lekestue! Den gamle moelvenbrakka er pusset opp i flere omganger, og n\u00e5 har jeg f\u00e5tt den innredet til systue, garnlager, overnattingsrom og rekreasjonshule. Her er det b\u00e5de lys og varme, radio og lesestoff. Og massevis av hjerterom \u2665<\/p>\n","protected":false},"author":2,"featured_media":0,"parent":6344,"menu_order":0,"comment_status":"closed","ping_status":"closed","template":"","meta":[],"_links":{"self":[{"href":"http:\/\/grete.duna.no\/blog\/wp-json\/wp\/v2\/pages\/22436"}],"collection":[{"href":"http:\/\/grete.duna.no\/blog\/wp-json\/wp\/v2\/pages"}],"about":[{"href":"http:\/\/grete.duna.no\/blog\/wp-json\/wp\/v2\/types\/page"}],"author":[{"embeddable":true,"href":"http:\/\/grete.duna.no\/blog\/wp-json\/wp\/v2\/users\/2"}],"replies":[{"embeddable":true,"href":"http:\/\/grete.duna.no\/blog\/wp-json\/wp\/v2\/comments?post=22436"}],"version-history":[{"count":4,"href":"http:\/\/grete.duna.no\/blog\/wp-json\/wp\/v2\/pages\/22436\/revisions"}],"predecessor-version":[{"id":25376,"href":"http:\/\/grete.duna.no\/blog\/wp-json\/wp\/v2\/pages\/22436\/revisions\/25376"}],"up":[{"embeddable":true,"href":"http:\/\/grete.duna.no\/blog\/wp-json\/wp\/v2\/pages\/6344"}],"wp:attachment":[{"href":"http:\/\/grete.duna.no\/blog\/wp-json\/wp\/v2\/media?parent=22436"}],"curies":[{"name":"wp","href":"https:\/\/api.w.org\/{rel}","templated":true}]}}