{"id":2396,"date":"2010-06-13T22:54:55","date_gmt":"2010-06-13T20:54:55","guid":{"rendered":"http:\/\/grete.duna.no\/blog\/?page_id=2396"},"modified":"2019-01-16T13:56:31","modified_gmt":"2019-01-16T12:56:31","slug":"familien-min","status":"publish","type":"page","link":"http:\/\/grete.duna.no\/blog\/grete\/familien-min\/","title":{"rendered":"Familien min"},"content":{"rendered":"<p><a href=\"http:\/\/grete.duna.no\/blog\/wp-content\/uploads\/2013\/07\/familen-min.jpg\"><img decoding=\"async\" loading=\"lazy\" class=\" wp-image-14687 alignleft\" src=\"http:\/\/grete.duna.no\/blog\/wp-content\/uploads\/2013\/07\/familen-min.jpg\" alt=\"Jeg smiler sammen med familien min\" width=\"711\" height=\"471\" srcset=\"http:\/\/grete.duna.no\/blog\/wp-content\/uploads\/2013\/07\/familen-min.jpg 711w, http:\/\/grete.duna.no\/blog\/wp-content\/uploads\/2013\/07\/familen-min-300x198.jpg 300w\" sizes=\"(max-width: 711px) 85vw, 711px\" \/><\/a><\/p>\n<p>&nbsp;<\/p>\n<table>\n<tbody>\n<tr>\n<td><a href=\"http:\/\/grete.duna.no\/blog\/tag\/mamma\/\"><img decoding=\"async\" loading=\"lazy\" class=\"alignleft size-full wp-image-2848\" title=\"mamma1\" src=\"http:\/\/grete.duna.no\/blog\/wp-content\/uploads\/2010\/06\/mamma1.jpg\" alt=\"\" width=\"100\" height=\"100\" srcset=\"http:\/\/grete.duna.no\/blog\/wp-content\/uploads\/2010\/06\/mamma1.jpg 300w, http:\/\/grete.duna.no\/blog\/wp-content\/uploads\/2010\/06\/mamma1-180x180.jpg 180w\" sizes=\"(max-width: 100px) 85vw, 100px\" \/><\/a><\/td>\n<td>Min kj\u00e6re mamma, f\u00f8dt i 1941<\/td>\n<\/tr>\n<tr>\n<td><a href=\"http:\/\/grete.duna.no\/blog\/tag\/pappa\/\"><img decoding=\"async\" loading=\"lazy\" class=\"alignleft size-full wp-image-2849\" title=\"pappa1\" src=\"http:\/\/grete.duna.no\/blog\/wp-content\/uploads\/2010\/06\/pappa1.jpg\" alt=\"\" width=\"100\" height=\"100\" srcset=\"http:\/\/grete.duna.no\/blog\/wp-content\/uploads\/2010\/06\/pappa1.jpg 300w, http:\/\/grete.duna.no\/blog\/wp-content\/uploads\/2010\/06\/pappa1-180x180.jpg 180w\" sizes=\"(max-width: 100px) 85vw, 100px\" \/><\/a><\/td>\n<td>Tusenkunstneren pappan min er f\u00f8dt i 1942.<\/td>\n<\/tr>\n<tr>\n<td><a href=\"http:\/\/grete.duna.no\/blog\/tag\/olav\/\"><img decoding=\"async\" loading=\"lazy\" class=\"alignleft size-full wp-image-2852\" title=\"olav\" src=\"http:\/\/grete.duna.no\/blog\/wp-content\/uploads\/2010\/06\/olav.jpg\" alt=\"\" width=\"100\" height=\"100\" srcset=\"http:\/\/grete.duna.no\/blog\/wp-content\/uploads\/2010\/06\/olav.jpg 300w, http:\/\/grete.duna.no\/blog\/wp-content\/uploads\/2010\/06\/olav-180x180.jpg 180w\" sizes=\"(max-width: 100px) 85vw, 100px\" \/><\/a><\/td>\n<td>Her er Olav, vi har v\u00e6rt gift siden 1999<\/td>\n<\/tr>\n<tr>\n<td><a href=\"http:\/\/grete.duna.no\/blog\/tag\/fredrik\/\"><img decoding=\"async\" loading=\"lazy\" class=\"alignleft size-full wp-image-2853\" title=\"fredrik1\" src=\"http:\/\/grete.duna.no\/blog\/wp-content\/uploads\/2010\/06\/fredrik1.jpg\" alt=\"\" width=\"100\" height=\"100\" srcset=\"http:\/\/grete.duna.no\/blog\/wp-content\/uploads\/2010\/06\/fredrik1.jpg 300w, http:\/\/grete.duna.no\/blog\/wp-content\/uploads\/2010\/06\/fredrik1-180x180.jpg 180w\" sizes=\"(max-width: 100px) 85vw, 100px\" \/><\/a><\/td>\n<td>Dette er Fredrik, min f\u00f8rstef\u00f8dte som kom i 1988<\/td>\n<\/tr>\n<tr>\n<td><a href=\"http:\/\/grete.duna.no\/blog\/tag\/margrete\/\"><img decoding=\"async\" loading=\"lazy\" class=\"alignleft size-full wp-image-2434\" title=\"margrete\" src=\"http:\/\/grete.duna.no\/blog\/wp-content\/uploads\/2010\/05\/margrete.jpg\" alt=\"\" width=\"100\" height=\"100\" srcset=\"http:\/\/grete.duna.no\/blog\/wp-content\/uploads\/2010\/05\/margrete.jpg 300w, http:\/\/grete.duna.no\/blog\/wp-content\/uploads\/2010\/05\/margrete-180x180.jpg 180w\" sizes=\"(max-width: 100px) 85vw, 100px\" \/><\/a><\/td>\n<td>Margrete er datteren min, f\u00f8dt i 1990<\/td>\n<\/tr>\n<tr>\n<td><a href=\"http:\/\/grete.duna.no\/blog\/tag\/jorunn\/\"><img decoding=\"async\" loading=\"lazy\" class=\"alignleft size-full wp-image-2851\" title=\"jorunn\" src=\"http:\/\/grete.duna.no\/blog\/wp-content\/uploads\/2010\/06\/jorunn.jpg\" alt=\"\" width=\"100\" height=\"100\" srcset=\"http:\/\/grete.duna.no\/blog\/wp-content\/uploads\/2010\/06\/jorunn.jpg 300w, http:\/\/grete.duna.no\/blog\/wp-content\/uploads\/2010\/06\/jorunn-180x180.jpg 180w\" sizes=\"(max-width: 100px) 85vw, 100px\" \/><\/a><\/td>\n<td>Svigermor Jorunn er f\u00f8dt i 1931<\/td>\n<\/tr>\n<tr>\n<td><a href=\"http:\/\/grete.duna.no\/blog\/wp-content\/uploads\/2010\/05\/tvillinger.jpg\"><img decoding=\"async\" loading=\"lazy\" class=\"alignleft size-full wp-image-2436\" title=\"tvillinger\" src=\"http:\/\/grete.duna.no\/blog\/wp-content\/uploads\/2010\/05\/tvillinger.jpg\" alt=\"\" width=\"100\" height=\"100\" srcset=\"http:\/\/grete.duna.no\/blog\/wp-content\/uploads\/2010\/05\/tvillinger.jpg 300w, http:\/\/grete.duna.no\/blog\/wp-content\/uploads\/2010\/05\/tvillinger-180x180.jpg 180w\" sizes=\"(max-width: 100px) 85vw, 100px\" \/><\/a><\/td>\n<td>Tvillingguttene mine, Tobias og Sondre, f\u00f8dt i 1999<\/td>\n<\/tr>\n<tr>\n<td><a href=\"http:\/\/grete.duna.no\/blog\/tag\/lukas\/\"><img decoding=\"async\" loading=\"lazy\" class=\"alignleft size-full wp-image-2672\" title=\"lukas2\" src=\"http:\/\/grete.duna.no\/blog\/wp-content\/uploads\/2010\/06\/lukas2.jpg\" alt=\"\" width=\"100\" height=\"100\" srcset=\"http:\/\/grete.duna.no\/blog\/wp-content\/uploads\/2010\/06\/lukas2.jpg 300w, http:\/\/grete.duna.no\/blog\/wp-content\/uploads\/2010\/06\/lukas2-180x180.jpg 180w\" sizes=\"(max-width: 100px) 85vw, 100px\" \/><\/a><\/td>\n<td>Lukas kom til familien v\u00e5r i 2010, han er f\u00f8dt i 2009<\/td>\n<\/tr>\n<tr>\n<td><a href=\"http:\/\/grete.duna.no\/blog\/tag\/ida-sofie\/\"><img decoding=\"async\" loading=\"lazy\" class=\"alignleft size-full wp-image-2438\" title=\"ida\" src=\"http:\/\/grete.duna.no\/blog\/wp-content\/uploads\/2010\/05\/ida.jpg\" alt=\"\" width=\"100\" height=\"100\" srcset=\"http:\/\/grete.duna.no\/blog\/wp-content\/uploads\/2010\/05\/ida.jpg 300w, http:\/\/grete.duna.no\/blog\/wp-content\/uploads\/2010\/05\/ida-180x180.jpg 180w\" sizes=\"(max-width: 100px) 85vw, 100px\" \/><\/a><\/td>\n<td>Ida Sofie ble f\u00f8dt i 2010, hun er mitt f\u00f8rste barnebarn<\/td>\n<\/tr>\n<tr>\n<td><a href=\"http:\/\/grete.duna.no\/blog\/tag\/ive-fredrikke\/\"><img decoding=\"async\" loading=\"lazy\" class=\"alignleft size-full wp-image-2438\" title=\"ive\" src=\"https:\/\/grete.duna.no\/blog\/wp-content\/uploads\/2019\/01\/ive-kvadrat.jpg\" alt=\"\" width=\"100\" height=\"100\" \/><\/a><\/td>\n<td>Ive Fredrikke ble f\u00f8dt i 2016, hun er mitt andre barnebarn<\/td>\n<\/tr>\n<\/tbody>\n<\/table>\n","protected":false},"excerpt":{"rendered":"<p>&nbsp; Min kj\u00e6re mamma, f\u00f8dt i 1941 Tusenkunstneren pappan min er f\u00f8dt i 1942. Her er Olav, vi har v\u00e6rt gift siden 1999 Dette er Fredrik, min f\u00f8rstef\u00f8dte som kom i 1988 Margrete er datteren min, f\u00f8dt i 1990 Svigermor Jorunn er f\u00f8dt i 1931 Tvillingguttene mine, Tobias og Sondre, f\u00f8dt i 1999 Lukas kom &hellip; <a href=\"http:\/\/grete.duna.no\/blog\/grete\/familien-min\/\" class=\"more-link\">Continue reading<span class=\"screen-reader-text\"> &#8220;Familien min&#8221;<\/span><\/a><\/p>\n","protected":false},"author":2,"featured_media":0,"parent":2,"menu_order":0,"comment_status":"closed","ping_status":"closed","template":"","meta":[],"_links":{"self":[{"href":"http:\/\/grete.duna.no\/blog\/wp-json\/wp\/v2\/pages\/2396"}],"collection":[{"href":"http:\/\/grete.duna.no\/blog\/wp-json\/wp\/v2\/pages"}],"about":[{"href":"http:\/\/grete.duna.no\/blog\/wp-json\/wp\/v2\/types\/page"}],"author":[{"embeddable":true,"href":"http:\/\/grete.duna.no\/blog\/wp-json\/wp\/v2\/users\/2"}],"replies":[{"embeddable":true,"href":"http:\/\/grete.duna.no\/blog\/wp-json\/wp\/v2\/comments?post=2396"}],"version-history":[{"count":20,"href":"http:\/\/grete.duna.no\/blog\/wp-json\/wp\/v2\/pages\/2396\/revisions"}],"predecessor-version":[{"id":23698,"href":"http:\/\/grete.duna.no\/blog\/wp-json\/wp\/v2\/pages\/2396\/revisions\/23698"}],"up":[{"embeddable":true,"href":"http:\/\/grete.duna.no\/blog\/wp-json\/wp\/v2\/pages\/2"}],"wp:attachment":[{"href":"http:\/\/grete.duna.no\/blog\/wp-json\/wp\/v2\/media?parent=2396"}],"curies":[{"name":"wp","href":"https:\/\/api.w.org\/{rel}","templated":true}]}}