{"id":1069,"date":"2010-02-24T22:00:49","date_gmt":"2010-02-24T21:00:49","guid":{"rendered":"http:\/\/grete.duna.no\/blog\/?page_id=1069"},"modified":"2014-03-06T11:22:41","modified_gmt":"2014-03-06T10:22:41","slug":"lukas","status":"publish","type":"page","link":"https:\/\/grete.duna.no\/blog\/lukas\/","title":{"rendered":"Lukas"},"content":{"rendered":"<p style=\"text-align: left;\"><a href=\"http:\/\/grete.duna.no\/blog\/wp-content\/uploads\/2010\/01\/lukas-100113.jpg\"><img decoding=\"async\" loading=\"lazy\" class=\"aligncenter size-full wp-image-809\" style=\"border: 1px solid black; margin-top: 1px; margin-bottom: 1px;\" title=\"lukas-100113\" src=\"http:\/\/grete.duna.no\/blog\/wp-content\/uploads\/2010\/01\/lukas-100113.jpg\" alt=\"\" width=\"540\" height=\"338\" srcset=\"https:\/\/grete.duna.no\/blog\/wp-content\/uploads\/2010\/01\/lukas-100113.jpg 600w, https:\/\/grete.duna.no\/blog\/wp-content\/uploads\/2010\/01\/lukas-100113-300x187.jpg 300w\" sizes=\"(max-width: 540px) 85vw, 540px\" \/><\/a>V\u00e5r lille <a href=\"http:\/\/no.wikipedia.org\/wiki\/Cairn_terrier\">cairnterrier<\/a> Lukas ble f\u00f8dt 14. desember 2009. I februar 2010 kom han hjem til oss. Han har tatt oss alle med storm og sjarmert sin vei inn i familien. En cairn blir ikke s\u00e5 veldig stor, bare omkring 30 cm i skulderh\u00f8yde og 7,5-9 kg. Lukas er en brindle, med mye r\u00f8dfarge i pelsen. Allerede ser vi at han kommer til \u00e5 bli en del lysere n\u00e5r valpepelsen forsvinner.<\/p>\n<p>Han er en av tre gutter i kullet sitt, i tillegg har han en s\u00f8ster. Alle er bosatt i Tr\u00f8ndelag, s\u00e5 det er h\u00e5p om gjensyn med alle sammen. <a href=\"http:\/\/grete.duna.no\/blog\/lukas\/lukas-sin-stamtavle\/\">Her finner du stamtavlen til Lukas<\/a>.<\/p>\n<p><a href=\"http:\/\/grete.duna.no\/blog\/tag\/lukas\/\">Her kan du f\u00f8lge oppdateringer om Lukas<\/a>.<\/p>\n<p style=\"text-align: center;\"><a href=\"http:\/\/grete.duna.no\/blog\/wp-content\/uploads\/2010\/02\/lukas-red-snow.jpg\"><img decoding=\"async\" loading=\"lazy\" class=\"aligncenter size-full wp-image-1166\" style=\"border: 1px solid black; margin-top: 1px; margin-bottom: 1px;\" title=\"lukas-red-snow\" src=\"http:\/\/grete.duna.no\/blog\/wp-content\/uploads\/2010\/02\/lukas-red-snow.jpg\" alt=\"\" width=\"540\" height=\"540\" srcset=\"https:\/\/grete.duna.no\/blog\/wp-content\/uploads\/2010\/02\/lukas-red-snow.jpg 900w, https:\/\/grete.duna.no\/blog\/wp-content\/uploads\/2010\/02\/lukas-red-snow-180x180.jpg 180w, https:\/\/grete.duna.no\/blog\/wp-content\/uploads\/2010\/02\/lukas-red-snow-300x300.jpg 300w\" sizes=\"(max-width: 540px) 85vw, 540px\" \/><\/a><\/p>\n<p style=\"text-align: left;\">Lukas elsker \u00e5 v\u00e6re ute i sn\u00f8en. Han hadde ikke v\u00e6rt ute f\u00f8r vi fikk ham, for det har v\u00e6rt bitende kaldt veldig lenge. Det er fortsatt kaldt, men ut m\u00e5 vi jo &#8211; og det g\u00e5r s\u00e5 fint!<\/p>\n<p style=\"text-align: left;\">Vi var forberedt p\u00e5 nattev\u00e5k og pottetrening i lange baner, men jeg tror vi har f\u00e5tt en praktvalp. Her har det v\u00e6rt stille hver eneste natt, all <em>potting <\/em>foreg\u00e5r utend\u00f8rs og n\u00e5r det gjelder mat er ogs\u00e5 alt bare velstand. Ikke rart vi er forn\u00f8yd!<\/p>\n<p style=\"text-align: center;\"><a href=\"http:\/\/grete.duna.no\/blog\/wp-content\/uploads\/2010\/02\/lukas-i-frostroyk.jpg\"><img decoding=\"async\" loading=\"lazy\" class=\"aligncenter size-full wp-image-1377\" style=\"border: 1px solid black; margin-top: 1px; margin-bottom: 1px;\" title=\"lukas-i-frostroyk\" src=\"http:\/\/grete.duna.no\/blog\/wp-content\/uploads\/2010\/02\/lukas-i-frostroyk.jpg\" alt=\"Lukas elsker \u00e5 leke i sn\u00f8en\" width=\"540\" height=\"540\" srcset=\"https:\/\/grete.duna.no\/blog\/wp-content\/uploads\/2010\/02\/lukas-i-frostroyk.jpg 600w, https:\/\/grete.duna.no\/blog\/wp-content\/uploads\/2010\/02\/lukas-i-frostroyk-180x180.jpg 180w, https:\/\/grete.duna.no\/blog\/wp-content\/uploads\/2010\/02\/lukas-i-frostroyk-300x300.jpg 300w\" sizes=\"(max-width: 540px) 85vw, 540px\" \/><\/a><\/p>\n<p style=\"text-align: left;\">Lukas er en sjeldent kosete hund, og det er ikke mye som kan m\u00e5le seg med en trygg, mett og s\u00f8vnig hund som kommer krypende inntil for \u00e5 v\u00e6re sammen med oss i sofakroken.<\/p>\n","protected":false},"excerpt":{"rendered":"<p>V\u00e5r lille cairnterrier Lukas ble f\u00f8dt 14. desember 2009. I februar 2010 kom han hjem til oss. Han har tatt oss alle med storm og sjarmert sin vei inn i familien. En cairn blir ikke s\u00e5 veldig stor, bare omkring 30 cm i skulderh\u00f8yde og 7,5-9 kg. Lukas er en brindle, med mye r\u00f8dfarge i &hellip; <a href=\"https:\/\/grete.duna.no\/blog\/lukas\/\" class=\"more-link\">Continue reading<span class=\"screen-reader-text\"> &#8220;Lukas&#8221;<\/span><\/a><\/p>\n","protected":false},"author":2,"featured_media":0,"parent":0,"menu_order":1,"comment_status":"closed","ping_status":"closed","template":"","meta":[],"_links":{"self":[{"href":"https:\/\/grete.duna.no\/blog\/wp-json\/wp\/v2\/pages\/1069"}],"collection":[{"href":"https:\/\/grete.duna.no\/blog\/wp-json\/wp\/v2\/pages"}],"about":[{"href":"https:\/\/grete.duna.no\/blog\/wp-json\/wp\/v2\/types\/page"}],"author":[{"embeddable":true,"href":"https:\/\/grete.duna.no\/blog\/wp-json\/wp\/v2\/users\/2"}],"replies":[{"embeddable":true,"href":"https:\/\/grete.duna.no\/blog\/wp-json\/wp\/v2\/comments?post=1069"}],"version-history":[{"count":26,"href":"https:\/\/grete.duna.no\/blog\/wp-json\/wp\/v2\/pages\/1069\/revisions"}],"predecessor-version":[{"id":15805,"href":"https:\/\/grete.duna.no\/blog\/wp-json\/wp\/v2\/pages\/1069\/revisions\/15805"}],"wp:attachment":[{"href":"https:\/\/grete.duna.no\/blog\/wp-json\/wp\/v2\/media?parent=1069"}],"curies":[{"name":"wp","href":"https:\/\/api.w.org\/{rel}","templated":true}]}}