{"id":18400,"date":"2014-12-01T12:25:53","date_gmt":"2014-12-01T11:25:53","guid":{"rendered":"http:\/\/grete.duna.no\/blog\/?page_id=18400"},"modified":"2018-02-01T10:32:46","modified_gmt":"2018-02-01T09:32:46","slug":"bryllupet-vart","status":"publish","type":"page","link":"https:\/\/grete.duna.no\/blog\/grete\/bryllupet-vart\/","title":{"rendered":"Bryllupet v\u00e5rt"},"content":{"rendered":"<p>Den 28. august 1999 feiret vi v\u00e5r store dag: Bryllup for Olav og meg, og barned\u00e5p for tvillingene v\u00e5re! Etter mye om og men ble det endelig mulig \u00e5 gjennomf\u00f8re en flott fest slik vi \u00f8nsket det.<\/p>\n<p><a href=\"http:\/\/grete.duna.no\/blog\/wp-content\/uploads\/2014\/12\/bryllup-brudepiker.jpg\"><img decoding=\"async\" loading=\"lazy\" class=\"size-full wp-image-19706 aligncenter\" style=\"border: 1px solid black;\" src=\"http:\/\/grete.duna.no\/blog\/wp-content\/uploads\/2014\/12\/bryllup-brudepiker.jpg\" alt=\"bryllup-brudepiker\" width=\"792\" height=\"1280\" srcset=\"https:\/\/grete.duna.no\/blog\/wp-content\/uploads\/2014\/12\/bryllup-brudepiker.jpg 792w, https:\/\/grete.duna.no\/blog\/wp-content\/uploads\/2014\/12\/bryllup-brudepiker-186x300.jpg 186w, https:\/\/grete.duna.no\/blog\/wp-content\/uploads\/2014\/12\/bryllup-brudepiker-634x1024.jpg 634w\" sizes=\"(max-width: 792px) 85vw, 792px\" \/><\/a><\/p>\n<p>Olav og jeg ble viet i Moholt kirke i Trondheim. Vi hadde begge bunad fra S\u00f8r-Tr\u00f8ndelag. Brudebuketten inneholdt r\u00f8sslyng som ble plukket i skogen rett ved huset v\u00e5rt, i tillegg til hvite roser. Brudepikene Margrete og Sandra hadde ogs\u00e5 r\u00f8sslyng i sine buketter, sammen med balderbr\u00e5, en blomst som er brodert p\u00e5 kystdraktene som de hadde p\u00e5 seg. Fredrik hadde flott sort dress og r\u00f8sslyng brystbukett med rose i.<\/p>\n<p>Sondre og Tobias ble d\u00f8pt like etter vielsen. Sondre hadde d\u00e5pskjole fra pappa&#8217;n sin slekt. Den ble brukt f\u00f8rste gang i 1930 og er sydd av farmors tante. B\u00e5de pappa, mange s\u00f8skenbarn og tremenninger og farmor, samt hennes s\u00f8sken er d\u00f8pt i samme kjole. Tobias hadde d\u00e5pskjole fra mamma&#8217;n sin slekt, som oldemor i Syvde har heklet. Den ble laget til hennes f\u00f8rste oldebarn i 1984. Flokken teller n\u00e5 29, og mange av disse er d\u00f8pt i samme kjole. Oldemor p\u00e5 83 \u00e5r var med p\u00e5 feiringen av d\u00e5pen og bryllupet.<\/p>\n<p>Vi feiret dagen i &#8220;b\u00e5thuset&#8221; p\u00e5 sm\u00e5b\u00e5thavna i Hommelvik. Sammen med oss var store og sm\u00e5, venner og familie, fra fjern og n\u00e6r! Det var s\u00e5 koselig, og alle gjestene gjorde dagen helt fullkommen med sitt n\u00e6rv\u00e6r, sine sm\u00e5 og store p\u00e5funn. Til sammen 38 glade mennesker var samlet p\u00e5 dagen v\u00e5r. De tilreisende kom fra Lier, Selbu, Stj\u00f8rdal, Syvde og Tyskland!<\/p>\n<p>Vi fikk mange nydelige sanger og Fredrik holdt en fabelaktig tale!<\/p>\n<p>Pappa (brudens far) spilte trekkspill! Det ble brudevals til &#8220;Tr\u00f8nderbrura&#8221;, kostervals og &#8220;dans p\u00e5 M\u00e5keskj\u00e6r&#8221; til langt p\u00e5 natt..!<\/p>\n","protected":false},"excerpt":{"rendered":"<p>Den 28. august 1999 feiret vi v\u00e5r store dag: Bryllup for Olav og meg, og barned\u00e5p for tvillingene v\u00e5re! Etter mye om og men ble det endelig mulig \u00e5 gjennomf\u00f8re en flott fest slik vi \u00f8nsket det. Olav og jeg ble viet i Moholt kirke i Trondheim. Vi hadde begge bunad fra S\u00f8r-Tr\u00f8ndelag. Brudebuketten inneholdt &hellip; <a href=\"https:\/\/grete.duna.no\/blog\/grete\/bryllupet-vart\/\" class=\"more-link\">Continue reading<span class=\"screen-reader-text\"> &#8220;Bryllupet v\u00e5rt&#8221;<\/span><\/a><\/p>\n","protected":false},"author":2,"featured_media":0,"parent":2,"menu_order":0,"comment_status":"closed","ping_status":"closed","template":"","meta":[],"_links":{"self":[{"href":"https:\/\/grete.duna.no\/blog\/wp-json\/wp\/v2\/pages\/18400"}],"collection":[{"href":"https:\/\/grete.duna.no\/blog\/wp-json\/wp\/v2\/pages"}],"about":[{"href":"https:\/\/grete.duna.no\/blog\/wp-json\/wp\/v2\/types\/page"}],"author":[{"embeddable":true,"href":"https:\/\/grete.duna.no\/blog\/wp-json\/wp\/v2\/users\/2"}],"replies":[{"embeddable":true,"href":"https:\/\/grete.duna.no\/blog\/wp-json\/wp\/v2\/comments?post=18400"}],"version-history":[{"count":6,"href":"https:\/\/grete.duna.no\/blog\/wp-json\/wp\/v2\/pages\/18400\/revisions"}],"predecessor-version":[{"id":22667,"href":"https:\/\/grete.duna.no\/blog\/wp-json\/wp\/v2\/pages\/18400\/revisions\/22667"}],"up":[{"embeddable":true,"href":"https:\/\/grete.duna.no\/blog\/wp-json\/wp\/v2\/pages\/2"}],"wp:attachment":[{"href":"https:\/\/grete.duna.no\/blog\/wp-json\/wp\/v2\/media?parent=18400"}],"curies":[{"name":"wp","href":"https:\/\/api.w.org\/{rel}","templated":true}]}}