{"id":18402,"date":"2014-12-01T12:26:16","date_gmt":"2014-12-01T11:26:16","guid":{"rendered":"http:\/\/grete.duna.no\/blog\/?page_id=18402"},"modified":"2015-10-21T08:37:30","modified_gmt":"2015-10-21T06:37:30","slug":"velkommen","status":"publish","type":"page","link":"https:\/\/grete.duna.no\/blog\/grete\/bryllupet-vart\/velkommen\/","title":{"rendered":"Velkommen"},"content":{"rendered":"<p>Velkommen<br \/>\n(Mel.: Vi tar en rungende&#8230;)<\/p>\n<p>Velkommen her i dag til denne fest,<br \/>\nI d\u00e5ps- og bryllupslag er du v\u00e5r gjest.<br \/>\nVi h\u00e5per dette blir for hver is\u00e6r<br \/>\nen minnefest for oss som samlet er.<\/p>\n<p>Og t\u00e6rer sulten p\u00e5, s\u00e5 fyll ditt fat,<br \/>\nog pr\u00f8v om du kan f\u00e5 ned mere mat.<br \/>\nDet er jo bare tull at magen sprekk,<br \/>\ns\u00e5 spis deg god og full til du blir mett.<\/p>\n<p>Ja, v\u00e6r velkommen her, til festen v\u00e5r,<br \/>\nvi h\u00e5per alle sammen hygge f\u00e5r,<br \/>\nog alt vi byr deg p\u00e5 er bra og vel,<br \/>\ns\u00e5 koser vi oss riktig godt i kveld.<\/p>\n<p>fra d\u00e5psbarna og brudeparet<\/p>\n","protected":false},"excerpt":{"rendered":"<p>Velkommen (Mel.: Vi tar en rungende&#8230;) Velkommen her i dag til denne fest, I d\u00e5ps- og bryllupslag er du v\u00e5r gjest. Vi h\u00e5per dette blir for hver is\u00e6r en minnefest for oss som samlet er. Og t\u00e6rer sulten p\u00e5, s\u00e5 fyll ditt fat, og pr\u00f8v om du kan f\u00e5 ned mere mat. Det er jo &hellip; <a href=\"https:\/\/grete.duna.no\/blog\/grete\/bryllupet-vart\/velkommen\/\" class=\"more-link\">Continue reading<span class=\"screen-reader-text\"> &#8220;Velkommen&#8221;<\/span><\/a><\/p>\n","protected":false},"author":2,"featured_media":0,"parent":18400,"menu_order":0,"comment_status":"closed","ping_status":"closed","template":"","meta":[],"_links":{"self":[{"href":"https:\/\/grete.duna.no\/blog\/wp-json\/wp\/v2\/pages\/18402"}],"collection":[{"href":"https:\/\/grete.duna.no\/blog\/wp-json\/wp\/v2\/pages"}],"about":[{"href":"https:\/\/grete.duna.no\/blog\/wp-json\/wp\/v2\/types\/page"}],"author":[{"embeddable":true,"href":"https:\/\/grete.duna.no\/blog\/wp-json\/wp\/v2\/users\/2"}],"replies":[{"embeddable":true,"href":"https:\/\/grete.duna.no\/blog\/wp-json\/wp\/v2\/comments?post=18402"}],"version-history":[{"count":1,"href":"https:\/\/grete.duna.no\/blog\/wp-json\/wp\/v2\/pages\/18402\/revisions"}],"predecessor-version":[{"id":18403,"href":"https:\/\/grete.duna.no\/blog\/wp-json\/wp\/v2\/pages\/18402\/revisions\/18403"}],"up":[{"embeddable":true,"href":"https:\/\/grete.duna.no\/blog\/wp-json\/wp\/v2\/pages\/18400"}],"wp:attachment":[{"href":"https:\/\/grete.duna.no\/blog\/wp-json\/wp\/v2\/media?parent=18402"}],"curies":[{"name":"wp","href":"https:\/\/api.w.org\/{rel}","templated":true}]}}