{"id":18407,"date":"2014-12-01T12:33:23","date_gmt":"2014-12-01T11:33:23","guid":{"rendered":"http:\/\/grete.duna.no\/blog\/?page_id=18407"},"modified":"2015-10-21T08:37:04","modified_gmt":"2015-10-21T06:37:04","slug":"til-grete-og-olav-fra-brudens-forlover","status":"publish","type":"page","link":"https:\/\/grete.duna.no\/blog\/grete\/bryllupet-vart\/til-grete-og-olav-fra-brudens-forlover\/","title":{"rendered":"Til Grete og Olav fra brudens forlover"},"content":{"rendered":"<p>Til Grete og Olav p\u00e5 den store dagen 28. august 1999<br \/>\n(Melodi: Kj\u00e6rlighetsvisa)<\/p>\n<p>N\u00e5 er vi samlet for \u00e5 feire dagen,<br \/>\nher sitter Olav med sin s\u00f8te brud.<br \/>\nSom vakre roser, hentet rett fra hagen,<br \/>\ns\u00e5 str\u00e5ler de om kapp og b\u00e6rer bud<br \/>\nOm lykkelige dager som skal komme,<br \/>\nom stunder fylt av lys og kj\u00e6rlighet.<br \/>\nV\u00e5re hjerter flyter over,<br \/>\nav en stor takknemlighet.<\/p>\n<p>Tenk barned\u00e5p og bryllup samme dagen,<br \/>\nja viljen sin, den fikk de to til slutt.<br \/>\nTo Moholt vakre kirke la de kursen,<br \/>\nde gav ei opp, men sto p\u00e5 uavbrutt.<br \/>\nOg dette er betegnende for dere,<br \/>\nn\u00e5r andre stopper, kj\u00f8rer dere p\u00e5.<br \/>\nIngen e s\u00e5 t\u00f8ff som de to<br \/>\nog beviset ser vi n\u00e5.<\/p>\n<p>De m\u00f8ttes med en kaffekopp p\u00e5 trappa,<br \/>\nen solskinnsmorgen, fuglene de sang.<br \/>\nJa Olavs hjerte stjal hun denne jenta,<br \/>\nfor siden har de m\u00f8ttes gang p\u00e5 gang.<br \/>\nS\u00e5 ble det \u00f8mme blikk og gode klemmer,<br \/>\ni dag s\u00e5 har de begge gitt sitt JA!!<br \/>\nGrete, Olav, gratulerer,<br \/>\nher p\u00e5 denne jubeldag.<\/p>\n<p>Tobias og&#8217;n Sondre, to sm\u00e5 karer,<br \/>\nskal ogs\u00e5 f\u00e5 sin plass i denne sang.<br \/>\nAt mor og far vil verne dem for farer,<br \/>\ndet har vi f\u00e5tt erfare mang en gang.<br \/>\nDe gir dem av sin omsorg og sin varme,<br \/>\nog at de liker barn det vet vi godt.<br \/>\nN\u00e5r vi ser dem her ved bordet<br \/>\nblir v\u00e5rt \u00f8ye stort og v\u00e5tt.<\/p>\n<p>Fra f\u00f8r har Grete Fredrik og Margrete<br \/>\nTo flotte barn som de er stolte av.<br \/>\nOg fotball det er Fredriks interesse<br \/>\nMargrete liker best galopp og trav.<br \/>\nDet er s\u00e5 fint \u00e5 se at alle trives,<br \/>\net lysende eksempel m\u00e5 vi si.<br \/>\nOg at dette her vil vare,<br \/>\nderom har vi ingen tvil.<\/p>\n<p>N\u00e5 har de kj\u00f8pt seg buss og g\u00e5r med planer,<br \/>\nja visst, de tenker bygge p\u00e5 sitt hjem.<br \/>\nMed b\u00e5t de ut p\u00e5 Trondheimsfjorden dorger,<br \/>\nda kommer smil og fiskesn\u00f8re frem.<br \/>\nOg Grete er en mester ved komfyren,<br \/>\ni B\u00e5thuset hun byr p\u00e5 aftensmat<br \/>\nDisker opp med lekre saker,<br \/>\njenta der er ikke lat.<\/p>\n<p>P\u00e5 Bj\u00f8rnmyra vi f\u00f8ler oss velkommen,<br \/>\nja atmosf\u00e6ren der, den er unik.<br \/>\nMed hei og smil de m\u00f8ter oss p\u00e5 trammen,<br \/>\nvi kjenner ingen som er disse lik.<br \/>\nJa Grete du har v\u00e6rt ei god venninne,<br \/>\nog tenk at jeg forlover&#8217;n din fikk bli.<br \/>\nDette vil jeg huske, Grete,<br \/>\ngjemme p\u00e5 i all min tid.<\/p>\n<p>Men vi har enda to sm\u00e5 \u00e6resgjester<br \/>\nsom p\u00e5 en ny epoke har begynt.<br \/>\nHos Grete s\u00e5 vi antydning til t\u00e5rer,<br \/>\nda guttene fikk navnet sitt forkynt.<br \/>\nEn dobbel glede det kan dere feire,<br \/>\nhvordan det f\u00f8les kan vi knapt forst\u00e5.<br \/>\nIngen e s\u00e5 glad som dere,<br \/>\ntenk det vises, her og n\u00e5.<\/p>\n<p>Og helt til slutt s\u00e5 vil vi gjerne \u00f8nske,<br \/>\nat dere f\u00e5r en framtid trygg og god.<br \/>\nLa \u00e6rlighet f\u00e5 v\u00e6re rettesnoren,<br \/>\nvis omtanke, la kj\u00e6rligheten gro.<br \/>\nVi hever v\u00e5re glass, vi gratulerer,<br \/>\nog \u00f8nsker lykke til p\u00e5 ferden frem.<br \/>\nM\u00e5tte solen alltid skinne<br \/>\nover deres liv og hjem.<\/p>\n<p>Trine og Torbj\u00f8rn<\/p>\n","protected":false},"excerpt":{"rendered":"<p>Til Grete og Olav p\u00e5 den store dagen 28. august 1999 (Melodi: Kj\u00e6rlighetsvisa) N\u00e5 er vi samlet for \u00e5 feire dagen, her sitter Olav med sin s\u00f8te brud. Som vakre roser, hentet rett fra hagen, s\u00e5 str\u00e5ler de om kapp og b\u00e6rer bud Om lykkelige dager som skal komme, om stunder fylt av lys og &hellip; <a href=\"https:\/\/grete.duna.no\/blog\/grete\/bryllupet-vart\/til-grete-og-olav-fra-brudens-forlover\/\" class=\"more-link\">Continue reading<span class=\"screen-reader-text\"> &#8220;Til Grete og Olav fra brudens forlover&#8221;<\/span><\/a><\/p>\n","protected":false},"author":2,"featured_media":0,"parent":18400,"menu_order":0,"comment_status":"closed","ping_status":"closed","template":"","meta":[],"_links":{"self":[{"href":"https:\/\/grete.duna.no\/blog\/wp-json\/wp\/v2\/pages\/18407"}],"collection":[{"href":"https:\/\/grete.duna.no\/blog\/wp-json\/wp\/v2\/pages"}],"about":[{"href":"https:\/\/grete.duna.no\/blog\/wp-json\/wp\/v2\/types\/page"}],"author":[{"embeddable":true,"href":"https:\/\/grete.duna.no\/blog\/wp-json\/wp\/v2\/users\/2"}],"replies":[{"embeddable":true,"href":"https:\/\/grete.duna.no\/blog\/wp-json\/wp\/v2\/comments?post=18407"}],"version-history":[{"count":1,"href":"https:\/\/grete.duna.no\/blog\/wp-json\/wp\/v2\/pages\/18407\/revisions"}],"predecessor-version":[{"id":18408,"href":"https:\/\/grete.duna.no\/blog\/wp-json\/wp\/v2\/pages\/18407\/revisions\/18408"}],"up":[{"embeddable":true,"href":"https:\/\/grete.duna.no\/blog\/wp-json\/wp\/v2\/pages\/18400"}],"wp:attachment":[{"href":"https:\/\/grete.duna.no\/blog\/wp-json\/wp\/v2\/media?parent=18407"}],"curies":[{"name":"wp","href":"https:\/\/api.w.org\/{rel}","templated":true}]}}