{"id":18411,"date":"2014-12-01T12:37:17","date_gmt":"2014-12-01T11:37:17","guid":{"rendered":"http:\/\/grete.duna.no\/blog\/?page_id=18411"},"modified":"2015-10-21T08:37:23","modified_gmt":"2015-10-21T06:37:23","slug":"til-olav-fra-mamsen-og-papsen","status":"publish","type":"page","link":"https:\/\/grete.duna.no\/blog\/grete\/bryllupet-vart\/til-olav-fra-mamsen-og-papsen\/","title":{"rendered":"Til Olav fra mamsen og papsen"},"content":{"rendered":"<p>(Mel.: Rallarvise)<\/p>\n<p>Dette er en dag det passer med litt sang,<br \/>\nb\u00e5de barned\u00e5p og bryllup p\u00e5 en gang.<br \/>\nVisstnok skulle det v\u00e6rt tale, mange varme gode ord,<br \/>\nn\u00e5r vi samlet er ved festlig dekket bord.<\/p>\n<p>Du kom midt i mellom dine s\u00f8stre to,<br \/>\nog var den som lengst i hjemmet kunne bo.<br \/>\nNoen mener du ble bortskjemt, denne skylden f\u00e5r jeg ta,<br \/>\nmen i disse tider er du god \u00e5 ha.<\/p>\n<p>Vi kan gjerne si du ble en voksen mann,<br \/>\nf\u00f8r du gav ditt ja og kom i ektestand.<br \/>\nVi har mange gode minner ifra tida som har g\u00e5tt,<br \/>\ntil du n\u00e5 en hel familie har f\u00e5tt.<\/p>\n<p>Vel det er jo ikke no&#8217; \u00e5 si p\u00e5 det,<br \/>\nfor det er jo livets gang at slikt skal skje.<br \/>\nDerfor vil vi nytte h\u00f8ve, gjennom denne lille sang,<br \/>\n\u00f8nske deg til lykke med alt p\u00e5 engang.<\/p>\n<p>St\u00f8rste under var i sommer vil vi tro.<br \/>\nP\u00e5 din bursdag f\u00f8dte Grete gutter to.<br \/>\nDette skal vi ogs\u00e5 feire, for i dag har de f\u00e5tt navn,<br \/>\nb\u00e5ret fram til d\u00e5p i hver sin trygge favn.<\/p>\n<p>V\u00e6r velkommen Grete! \u00f8nsker vi \u00e5 si.<br \/>\nH\u00e5per dere f\u00e5r et hjem med harmoni.<br \/>\nSkulle byrdene bli mange, vil vi gjerne hjelpe til,<br \/>\nst\u00f8rste lykken er \u00e5 v\u00e6re god og snill.<\/p>\n<p>Kom, v\u00e6r med &#8211; et lenge leve n\u00e5 vi tar,<br \/>\nfor de to som n\u00e5 er blitt et ektepar.<br \/>\nM\u00e5tte livet seg fortone slik at alle ting g\u00e5r bra.<br \/>\nGid de lenge leve, lykkelig og glad.<\/p>\n<p>Mamsen og papsen<\/p>\n","protected":false},"excerpt":{"rendered":"<p>(Mel.: Rallarvise) Dette er en dag det passer med litt sang, b\u00e5de barned\u00e5p og bryllup p\u00e5 en gang. Visstnok skulle det v\u00e6rt tale, mange varme gode ord, n\u00e5r vi samlet er ved festlig dekket bord. Du kom midt i mellom dine s\u00f8stre to, og var den som lengst i hjemmet kunne bo. Noen mener du &hellip; <a href=\"https:\/\/grete.duna.no\/blog\/grete\/bryllupet-vart\/til-olav-fra-mamsen-og-papsen\/\" class=\"more-link\">Continue reading<span class=\"screen-reader-text\"> &#8220;Til Olav fra mamsen og papsen&#8221;<\/span><\/a><\/p>\n","protected":false},"author":2,"featured_media":0,"parent":18400,"menu_order":0,"comment_status":"closed","ping_status":"closed","template":"","meta":[],"_links":{"self":[{"href":"https:\/\/grete.duna.no\/blog\/wp-json\/wp\/v2\/pages\/18411"}],"collection":[{"href":"https:\/\/grete.duna.no\/blog\/wp-json\/wp\/v2\/pages"}],"about":[{"href":"https:\/\/grete.duna.no\/blog\/wp-json\/wp\/v2\/types\/page"}],"author":[{"embeddable":true,"href":"https:\/\/grete.duna.no\/blog\/wp-json\/wp\/v2\/users\/2"}],"replies":[{"embeddable":true,"href":"https:\/\/grete.duna.no\/blog\/wp-json\/wp\/v2\/comments?post=18411"}],"version-history":[{"count":1,"href":"https:\/\/grete.duna.no\/blog\/wp-json\/wp\/v2\/pages\/18411\/revisions"}],"predecessor-version":[{"id":18412,"href":"https:\/\/grete.duna.no\/blog\/wp-json\/wp\/v2\/pages\/18411\/revisions\/18412"}],"up":[{"embeddable":true,"href":"https:\/\/grete.duna.no\/blog\/wp-json\/wp\/v2\/pages\/18400"}],"wp:attachment":[{"href":"https:\/\/grete.duna.no\/blog\/wp-json\/wp\/v2\/media?parent=18411"}],"curies":[{"name":"wp","href":"https:\/\/api.w.org\/{rel}","templated":true}]}}