{"id":18414,"date":"2014-12-01T12:40:10","date_gmt":"2014-12-01T11:40:10","guid":{"rendered":"http:\/\/grete.duna.no\/blog\/?page_id=18414"},"modified":"2015-10-21T08:37:17","modified_gmt":"2015-10-21T06:37:17","slug":"til-olav","status":"publish","type":"page","link":"https:\/\/grete.duna.no\/blog\/grete\/bryllupet-vart\/til-olav\/","title":{"rendered":"Til Olav"},"content":{"rendered":"<p>Til Olav p\u00e5 bryllupsdagen 28. august 1999<br \/>\n(Mel.: Bl\u00e5veispiken)<\/p>\n<p>Min kj\u00e6re Olav, n\u00e5 har vi gjort det,<br \/>\nn\u00e5 har vi gifta oss du og jeg.<br \/>\nog godt var det at du ville ha meg,<br \/>\nfor du og du som jeg elsker deg!<\/p>\n<p>Du er en &#8220;go&#8217;ing&#8221;, en ekte venn<br \/>\nog som oftest er du i godt hum\u00f8r.<br \/>\nN\u00e5 skal vi dele p\u00e5 alt i livet<br \/>\nom sola skinner og n\u00e5r det sn\u00f8r.<\/p>\n<p>Med alle barna vi har i huset<br \/>\ner vi velsignet som bare det.<br \/>\nFor det er aldri direkte stille,<br \/>\nog alltids noe \u00e5 pusle med.<\/p>\n<p>Og kanskje f\u00e5r du et troll til kjerring,<br \/>\nmen tro du meg &#8211; dette trollet her<br \/>\ner av det tamme og snille slaget,<br \/>\nja jeg vil ikke bli til besv\u00e6r!<\/p>\n<p>S\u00e5 n\u00e5 i dag sa du alts\u00e5 ja til<br \/>\n\u00e5 skulle dele ditt liv med meg.<br \/>\nFra hjertets indre gir jeg mitt l\u00f8fte<br \/>\nog gleder meg til et liv med deg!<\/p>\n<p>din Grete<\/p>\n","protected":false},"excerpt":{"rendered":"<p>Til Olav p\u00e5 bryllupsdagen 28. august 1999 (Mel.: Bl\u00e5veispiken) Min kj\u00e6re Olav, n\u00e5 har vi gjort det, n\u00e5 har vi gifta oss du og jeg. og godt var det at du ville ha meg, for du og du som jeg elsker deg! Du er en &#8220;go&#8217;ing&#8221;, en ekte venn og som oftest er du i &hellip; <a href=\"https:\/\/grete.duna.no\/blog\/grete\/bryllupet-vart\/til-olav\/\" class=\"more-link\">Continue reading<span class=\"screen-reader-text\"> &#8220;Til Olav&#8221;<\/span><\/a><\/p>\n","protected":false},"author":2,"featured_media":0,"parent":18400,"menu_order":0,"comment_status":"closed","ping_status":"closed","template":"","meta":[],"_links":{"self":[{"href":"https:\/\/grete.duna.no\/blog\/wp-json\/wp\/v2\/pages\/18414"}],"collection":[{"href":"https:\/\/grete.duna.no\/blog\/wp-json\/wp\/v2\/pages"}],"about":[{"href":"https:\/\/grete.duna.no\/blog\/wp-json\/wp\/v2\/types\/page"}],"author":[{"embeddable":true,"href":"https:\/\/grete.duna.no\/blog\/wp-json\/wp\/v2\/users\/2"}],"replies":[{"embeddable":true,"href":"https:\/\/grete.duna.no\/blog\/wp-json\/wp\/v2\/comments?post=18414"}],"version-history":[{"count":1,"href":"https:\/\/grete.duna.no\/blog\/wp-json\/wp\/v2\/pages\/18414\/revisions"}],"predecessor-version":[{"id":18415,"href":"https:\/\/grete.duna.no\/blog\/wp-json\/wp\/v2\/pages\/18414\/revisions\/18415"}],"up":[{"embeddable":true,"href":"https:\/\/grete.duna.no\/blog\/wp-json\/wp\/v2\/pages\/18400"}],"wp:attachment":[{"href":"https:\/\/grete.duna.no\/blog\/wp-json\/wp\/v2\/media?parent=18414"}],"curies":[{"name":"wp","href":"https:\/\/api.w.org\/{rel}","templated":true}]}}