{"id":25164,"date":"2020-11-11T12:54:52","date_gmt":"2020-11-11T11:54:52","guid":{"rendered":"https:\/\/grete.duna.no\/blog\/?page_id=25164"},"modified":"2020-11-11T12:54:52","modified_gmt":"2020-11-11T11:54:52","slug":"privacy-policy","status":"publish","type":"page","link":"https:\/\/grete.duna.no\/blog\/privacy-policy\/","title":{"rendered":"Privacy Policy"},"content":{"rendered":"\r\n<h2>Hvem er jeg<\/h2>\r\n\r\n\r\n\r\n<p>Adressen til denne bloggen er: https:\/\/grete.duna.no\/blog.<\/p>\r\n\r\n\r\n\r\n<h2>Hvilke personopplysninger samler jeg inn og hvorfor<\/h2>\r\n\r\n\r\n\r\n<h3>Kommentarer<\/h3>\r\n\r\n\r\n\r\n<p>N\u00e5r bes\u00f8kende legger igjen kommentarer, s\u00e5\u00a0 samles det inn data som vist i kommentarskjemaet, sammen med den bes\u00f8kendes ip-adresse og browser bruker-agent-atreng for \u00e5 hjelpe til med spamh\u00e5ndtering.<\/p>\r\n\r\n\r\n\r\n<p>En anonymisert streng (hash) fra din epostadresse vil sendes til Gravatar-tjenesten dersom du bruker den. Gravatar sin policy finner du her:: https:\/\/automattic.com\/privacy\/. Etter at din kommentar er godkjent vil ditt profilbilde bli synlig offentlig sammen med din kommentar.<\/p>\r\n\r\n\r\n\r\n<p>Hvis du laster opp bilder til nettsiden b\u00f8r du unng\u00e5 bilder med innebygd lokasjonsdata (EXIF GPS). Bes\u00f8kende p\u00e5 nettsiden kan laste ned og trekke ut lokasjonsdata fra bilder p\u00e5 nettsiden.<\/p>\r\n\r\n\r\n\r\n<h3>Kontaktskjema<\/h3>\r\n\r\n\r\n\r\n<h3>Cookies<\/h3>\r\n\r\n\r\n\r\n<p>Hvis du legger igjen en kommentar p\u00e5 denne siden, s\u00e5 kan du velge \u00e5 lagre navn, epostadresse og nettsted i cookies. Dette er for din enkelhets skyld s\u00e5 du ikke trenger \u00e5 fylle det inn p\u00e5 nytt neste gang du legger igjen en kommentar. Disse cookies&#8217;ene vil vare i ett \u00e5r.<\/p>\r\n\r\n\r\n\r\n<p>Hvis du bes\u00f8ker login-siden, s\u00e5 blir det satt en midlertidig cookie for \u00e5 se om din browser aksepterer cookies. Denne inneholder ingen personlige data og er kastet n\u00e5r du lukker browseren din.<\/p>\r\n\r\n\r\n\r\n<p>N\u00e5r du logger inn blir det ogs\u00e5 satt opp cookies for \u00e5 lagre innloggingsinformasjonen din og dine valg for hvordan skjermen skal vises. Login cookies varer i to dager, skjermvisningscookies varer i ett \u00e5r. Hvis du velger &#8220;Remember Me&#8221; vil innloggingen vare i to uker. Hvis du logger ut av kontoen din vil alle login cookies bli fjernet.<\/p>\r\n\r\n\r\n\r\n<p>Hvis du redigerer eller publiserer en artikkel blir en ekstra cookie lagret i browseren din. Denne inneholder ingen personlige data og tar kun vare p\u00e5 post-ID fra den artikkelen du redigerte. Den utl\u00f8pet etter 1 dag.<\/p>\r\n\r\n\r\n\r\n<h3>Innhold fra andre nettsteder<\/h3>\r\n\r\n\r\n\r\n<p>Artikler p\u00e5 denne nettsiden kan inkludere innhold fra andre steder (for eksempel video, bilder, artikler, osv.). Inkludert innhold fra andre nettsteder oppf\u00f8rer seg p\u00e5 samme m\u00e5te som n\u00e5r du bes\u00f8ker disse andre nettstedene.<\/p>\r\n\r\n\r\n\r\n<p>Disse nettstedene kan samle inn data om deg, bruke cookies, inkludere tredjeparts sporing, og monitorere din handling med dette inkluderte innholdet, og spore din interaksjon med det inkluderte innholdet dersom du har en konto og er logget inn p\u00e5 det nettstedet.<\/p>\r\n\r\n\r\n\r\n<h3>Analyser<\/h3>\r\n\r\n\r\n\r\n<h2>Hvem deler vi dine data med<\/h2>\r\n\r\n\r\n\r\n<h2>Hvor lenge beholder vi dine data<\/h2>\r\n\r\n\r\n\r\n<p>Hvis du legger igjen en kommentar, s\u00e5 bevares den og dens metadata for alltid. Dette er for \u00e5 kunne gjenkjenne og godkjenne alle f\u00f8lgende kommentarer automatisk i stedet for \u00e5 holde dem tilbake i en moderasjonsk\u00f8.<\/p>\r\n\r\n\r\n\r\n<p>For brukere som registrerer seg p\u00e5 denne nettsiden lagres ogs\u00e5 personlig informasjon som oppgis i brukerprofilen. Alle brukere kan se, redigere og slette sin personlige informasjon n\u00e5r som helst (bortsett fra \u00e5 endre brukernavnet). Nettsideadministrator kan ogs\u00e5 se og redigere denne informasjonen.<\/p>\r\n\r\n\r\n\r\n<h2>Hvilke rettigheter du har til dine data<\/h2>\r\n\r\n\r\n\r\n<p>Hvis du har en konto p\u00e5 dette nettstedet, eller har lagt igjen kommentarer, s\u00e5 kan du be om en eksportfil med de personlige data som finnes om deg, inkludert alle data du har gitt. Du kan ogs\u00e5 be om at vi sletter all personlig informasjon vi har om deg. Dette inkluderer ikke data vi er forpliktet til \u00e5 ta vare p\u00e5 for administrative, juridiske eller sikkerhetsmessige \u00e5rsaker.<\/p>\r\n\r\n\r\n\r\n<h2>Hvor sendes dine data<\/h2>\r\n\r\n\r\n\r\n<p>Bes\u00f8keres kommentarer blir sjekket gjennom en automatisert spam-kontrolltjeneste.<\/p>\r\n\r\n\r\n","protected":false},"excerpt":{"rendered":"<p>Hvem er jeg Adressen til denne bloggen er: https:\/\/grete.duna.no\/blog. Hvilke personopplysninger samler jeg inn og hvorfor Kommentarer N\u00e5r bes\u00f8kende legger igjen kommentarer, s\u00e5\u00a0 samles det inn data som vist i kommentarskjemaet, sammen med den bes\u00f8kendes ip-adresse og browser bruker-agent-atreng for \u00e5 hjelpe til med spamh\u00e5ndtering. En anonymisert streng (hash) fra din epostadresse vil sendes til &hellip; <a href=\"https:\/\/grete.duna.no\/blog\/privacy-policy\/\" class=\"more-link\">Continue reading<span class=\"screen-reader-text\"> &#8220;Privacy Policy&#8221;<\/span><\/a><\/p>\n","protected":false},"author":2,"featured_media":0,"parent":0,"menu_order":0,"comment_status":"closed","ping_status":"closed","template":"","meta":[],"_links":{"self":[{"href":"https:\/\/grete.duna.no\/blog\/wp-json\/wp\/v2\/pages\/25164"}],"collection":[{"href":"https:\/\/grete.duna.no\/blog\/wp-json\/wp\/v2\/pages"}],"about":[{"href":"https:\/\/grete.duna.no\/blog\/wp-json\/wp\/v2\/types\/page"}],"author":[{"embeddable":true,"href":"https:\/\/grete.duna.no\/blog\/wp-json\/wp\/v2\/users\/2"}],"replies":[{"embeddable":true,"href":"https:\/\/grete.duna.no\/blog\/wp-json\/wp\/v2\/comments?post=25164"}],"version-history":[{"count":1,"href":"https:\/\/grete.duna.no\/blog\/wp-json\/wp\/v2\/pages\/25164\/revisions"}],"predecessor-version":[{"id":25165,"href":"https:\/\/grete.duna.no\/blog\/wp-json\/wp\/v2\/pages\/25164\/revisions\/25165"}],"wp:attachment":[{"href":"https:\/\/grete.duna.no\/blog\/wp-json\/wp\/v2\/media?parent=25164"}],"curies":[{"name":"wp","href":"https:\/\/api.w.org\/{rel}","templated":true}]}}