{"id":4510,"date":"2010-09-14T17:43:17","date_gmt":"2010-09-14T15:43:17","guid":{"rendered":"http:\/\/grete.duna.no\/blog\/"},"modified":"2015-10-21T08:39:03","modified_gmt":"2015-10-21T06:39:03","slug":"fra-barnemunn","status":"publish","type":"page","link":"https:\/\/grete.duna.no\/blog\/grete\/familien-min\/fra-barnemunn\/","title":{"rendered":"Fra barnemunn"},"content":{"rendered":"<p><em>&#8220;Av barn og fulle folk f\u00e5r man h\u00f8re sannheten&#8221;<\/em>, heter det. Det som er helt sikkert er at de f\u00f8lgende historiene er sanne, og at de har skapt latter er det ingen tvil om!<\/p>\n<blockquote><p>For lenge siden&#8230;<\/p>\n<p><strong>Sangglede<\/strong><\/p>\n<p>Fredrik synger: <em>&#8220;Hoppe! sa g\u00e5sa &#8211; danse! sa reven s\u00e5 hopper vi &#8211; s\u00e5 danser vi  og setter oss p\u00e5 Knut&#8221;<\/em><\/p><\/blockquote>\n<blockquote><p>juli &#8217;94<br \/>\n<strong>L\u00e6rdom<\/strong><br \/>\nUnder et forferdelig tordenv\u00e6r var det en velmenende nabo som forklarte til Fredrik at <em>&#8220;no e&#8217; det Tor med hammer&#8217;n som f\u00e6r over himmel&#8217;n&#8221;<\/em>. Fredrik kika litt skr\u00e5tt p\u00e5&#8217;n, og sa: <em>&#8220;Nei, det e&#8217; da itj det, sj\u00f8, det e&#8217; n\u00e5r kald og varm luft kr\u00e6sje at det bli s\u00e5nn, skj\u00f8nne du.&#8221;<\/em> Det h\u00f8rer med til historien naboen faktisk ble lang i maska&#8230; (Fredrik 5 \u00e5r, nabo 28 \u00e5r)<\/p><\/blockquote>\n<blockquote><p>oktober &#8217;95<strong><br \/>\nFakta<\/strong><br \/>\nN\u00e5r d\u00e6m e&#8217; for\u00e6lska f\u00e5r d\u00e6m hjerta i \u00f8yan! (sitat: Margrete)<\/p><\/blockquote>\n<blockquote><p>desember &#8217;95<br \/>\n<strong>Definisjon<\/strong><br \/>\nOlav: <em> Margrete &#8211; \u00e6 syns \u00e6 s\u00e5 toget, men \u00e6 e&#8217; itj sikker&#8230;. <\/em><br \/>\nMargrete: <em>Va&#8217; det langt og r\u00f8dt? <\/em><br \/>\nOlav:     <em>Ja&#8230;.? <\/em><br \/>\nMargrete: <em>Da va&#8217; det toget.<\/em><\/p><\/blockquote>\n<blockquote><p><strong>En typisk samtale med Fredrik<\/strong><br \/>\nFredrik:  <em>Mamma, ka hete verdens h\u00f8yeste fjell?<\/em><br \/>\nMamma:    <em>Det trur \u00e6 hete Mount Everest<\/em><br \/>\nFredrik:  <em><strong>S\u00e5<\/strong> h\u00f8yt e&#8217; det, da?<\/em><br \/>\nMamma:    <em>\u00c6 e&#8217; itj&#8217; sikker, men det e&#8217; over 8000 meter<\/em><br \/>\nFredrik:  <em><strong>S\u00e5<\/strong> h\u00f8yt e&#8217; verdens <strong>laveste<\/strong> fjell, da?<\/em><\/p>\n<p style=\"text-align: right;\">(legg merke til <strong>sp\u00f8rreordet S\u00c5<\/strong> :-))<\/p>\n<\/blockquote>\n<blockquote><p>desember &#8217;95<br \/>\n<strong>Hukommelse<\/strong><br \/>\nOlav:     <em>Hei, Margrete, huska du \u00e5 fort\u00e6l i barnehagen  om at vi va&#8217; og           kj\u00f8rt hest og slede i g\u00e5r?<\/em><br \/>\nMargrete: <em>\u00c5, nei ! Det gl\u00e6mt \u00e6&#8230;.<\/em><br \/>\nOlav:     <em>Jaja, du kan fort\u00e6l det i morra, da?<\/em><br \/>\nMargrete: <em>Nei, det blir for seint, for da bli&#8217; det i overg\u00e5rs, og da husk&#8217;itj           \u00e6 det&#8230;&#8230;<\/em><\/p><\/blockquote>\n<blockquote><p>januar &#8217;96<br \/>\n<strong>Savn<\/strong><br \/>\nMargrete: <em>E&#8217;n Olav hj\u00e6m?<\/em><br \/>\nMamma:    <em>Nei, han e&#8217; bortreist.<\/em><br \/>\nMargrete: <em>\u00c5\u00e5\u00e5hhh, da f\u00e5r itj&#8217;\u00e6 sje&#8217;n. \u00c6 har ALDRI sjett&#8217;n Olav i dag&#8230;.<\/em><\/p><\/blockquote>\n<p style=\"text-align: center;\"><em> <\/em><\/p>\n<figure id=\"attachment_4526\" aria-describedby=\"caption-attachment-4526\" style=\"width: 540px\" class=\"wp-caption aligncenter\"><em><em><img decoding=\"async\" loading=\"lazy\" class=\"size-full wp-image-4526 \" style=\"border: 1px solid black; margin-top: 1px; margin-bottom: 1px;\" title=\"olav-margrete-paske\" src=\"http:\/\/grete.duna.no\/blog\/wp-content\/uploads\/2010\/09\/olav-margrete-paske.jpg\" alt=\"\" width=\"540\" height=\"343\" srcset=\"https:\/\/grete.duna.no\/blog\/wp-content\/uploads\/2010\/09\/olav-margrete-paske.jpg 600w, https:\/\/grete.duna.no\/blog\/wp-content\/uploads\/2010\/09\/olav-margrete-paske-300x190.jpg 300w\" sizes=\"(max-width: 540px) 85vw, 540px\" \/><\/em><\/em><figcaption id=\"caption-attachment-4526\" class=\"wp-caption-text\">Olav og Margrete er bestiser<\/figcaption><\/figure>\n<p><em> <\/em><\/p>\n<blockquote><p>januar &#8217;96<br \/>\n<strong>Klima<\/strong><br \/>\nMargrete: <em>Mamma, kan \u00e6 ha p\u00e5 shorts i dag?<\/em><br \/>\nMamma:    <em>Nei, lille venn, det e&#8217; jo masse minusgrader og sn\u00f8&#8230;.<\/em><br \/>\nMargrete: <em>\u00c5hh, \u00e6 skulla hatt en varm shorts&#8230;.<\/em><\/p><\/blockquote>\n<blockquote><p>april &#8217;96<br \/>\n<strong>Begreper<\/strong><br \/>\nLike ved der vi bor er det en kar som driver med bir\u00f8kt. Hver v\u00e5r kommer bikubene ut, og det er ikke bestandig like lett \u00e5 huske p\u00e5 hva alt mulig er&#8230;:  <em>&#8220;Mamma, sj\u00e5 der e&#8217; husan te&#8217; fluan&#8230;.&#8221;<\/em> (sitat: Margrete)<\/p><\/blockquote>\n<blockquote><p>mai &#8217;96<br \/>\n<strong>Fredrik-sp\u00f8rsm\u00e5l:<\/strong> <em>&#8220;<strong>S\u00e5<\/strong> mange sekunder e&#8217; det i ett \u00e5r?&#8221;<\/em> eller:  <em>&#8220;<strong>S\u00e5<\/strong> gammel e&#8217; du om  hundreogsekstifire \u00e5r?&#8221;<\/em><\/p><\/blockquote>\n<blockquote><p>mai &#8217;96<br \/>\n<strong>Magrete&#8217;s eventyr:<\/strong> <em>Det va ein gang to tr\u00e6r som va&#8217; for\u00e6lska. Det eine tr\u00e6et hett Johnsen og det andre hett Ida. En dag kom&#8217;en Johnsen bort te&#8217;a Ida og kyssa&#8217;a r\u00e6tt p\u00e5 hjertet s\u00e5 hu forsvimt.<\/em><\/p><\/blockquote>\n<blockquote><p>mai &#8217;96<br \/>\n<strong>Hjemmekamp<\/strong><br \/>\nFredrik har begynt \u00e5 spille fotball, og hadde helt klare formeninger om hvordan vi skulle oppf\u00f8re oss som publikum p\u00e5 f\u00f8rste kampen: <em>&#8220;Hussp\u00e5 \u00e5 itj&#8217; heie for my, for \u00e6 trur det kj\u00e6m <strong>tjue-en tusen<\/strong> tilskuera! Og da kan det bli litt for my&#8217; heiing&#8230;&#8221;<\/em> (tilsammen var vi nok bortimot tretti)<\/p><\/blockquote>\n<blockquote><p>juni &#8217;96<br \/>\n<strong>Mark<\/strong><\/p>\n<p>Vi har kj\u00f8pt oss fiskeutstyr. Margrete var veldig spent f\u00f8r den store handledagen, og mente at f\u00f8lgende utstyr m\u00e5tte vi hvertfall ha. Her er Margrete sin innkj\u00f8psliste:<\/p>\n<ul>\n<li>Fiskestang<\/li>\n<li>Fiskesnor<\/li>\n<li>Rosa fiskekrok<\/li>\n<li>Mark<\/li>\n<\/ul>\n<p>Vel, det ble b\u00e5de stang og sn\u00f8re, og jammen greide hun \u00e5 finn rosa fiskekrok ogs\u00e5. Det ble d\u00e5rlig med mark-kj\u00f8p, s\u00e5 vi m\u00e5 vel ty til gammelm\u00e5ten og grave etter den selv<\/p><\/blockquote>\n<blockquote><p>juni &#8217;96<br \/>\n<strong>Morgenfilosofi<br \/>\n<\/strong>Margrete: <em>Mamma, e&#8217; jordkloden stor?<\/em><br \/>\nMamma:    <em>\u00c5, ja, den e&#8217; kj\u00e6mpestor!<\/em><br \/>\nMargrete: <em>F\u00e5r vi lov \u00e5 tramp p\u00e5&#8217;n da?<\/em><\/p><\/blockquote>\n<blockquote><p>juni &#8217;96<br \/>\n<strong>Naturopplevelser<br \/>\n<\/strong> Vi var p\u00e5 v\u00e5r aller f\u00f8rste fisketur og gikk gjennom skogen i orntli&#8217; plaskregn.<\/p>\n<p>Mamma:    <em>Margrete, kjenne du kor godt det lukte?<\/em><br \/>\nMargrete: <em>Nei, det lukte itj&#8217;n\u00e5&#8230;?<\/em><br \/>\nMamma:    <em>Jo, det lukte regn og skog, kjenne du?<\/em><br \/>\nMargrete: <em>Vet du koffor det lukte skog?<\/em><br \/>\nMamma:    <em>Nei..?<\/em><br \/>\nMargrete: <em>For at vi e&#8217; i skogen, v\u00e6l&#8230;!!<\/em><\/p><\/blockquote>\n<blockquote><p>juni &#8217;96<br \/>\n<strong>Om stress<\/strong><br \/>\n<em>Det e&#8217; itj&#8217;n\u00e5 rart at vi hadd det travelt, sj\u00f8, for vi sovna over&#8230;<\/em> (sitat: Margrete)<\/p><\/blockquote>\n<blockquote><p>juni &#8217;96<br \/>\n<strong>Meteorologi<\/strong><br \/>\n<em>N\u00e5r det e&#8217; t\u00e5ke s\u00e5 har skyan ramla ned<\/em> (sitat: Fredrik)<\/p><\/blockquote>\n<blockquote><p>juli &#8217;96<br \/>\n<strong>L\u00e6revilje<\/strong><br \/>\nFredrik: <em>Mamma, kan du skriv opp det engelske alfabetet for m\u00e6,          p\u00e5 norsk&#8230;?<\/em><\/p><\/blockquote>\n<blockquote><p>juli &#8217;96<br \/>\n<strong>Geografi<\/strong><br \/>\nFredrik: <em>Du mamma, <strong>s\u00e5<\/strong> lang e&#8217; Norges kyst?<\/em> (fortsettelsen           kom f\u00f8r mamma rakk \u00e5 svare&#8230;) <em><strong>Det<\/strong> syns \u00e6 du ska&#8217; tenk          litt p\u00e5&#8230;<\/em><\/p><\/blockquote>\n<blockquote><p>august &#8217;96<br \/>\nFredrik: <em>Mamma, veit du at gamlekongen kunn&#8217; itj l\u00e6s \u00e6 og \u00f8 og \u00e5, han,          for han va&#8217; l\u00e6seblind!<\/em><\/p><\/blockquote>\n<blockquote><p>august &#8217;96<br \/>\n<strong>Skolejente<\/strong><br \/>\nMargrete har begynt p\u00e5 skolen. Hver torsdag er det gym. Gjett om hun va spent f\u00f8rste gangen&#8230;og mamma ville vite hvordan det gikk.<\/p>\n<p>Mamma:    <em>Ka gjor&#8217; dokker i gymmen da?<\/em><br \/>\nMargrete: <em>Vi sprang i tog og s\u00e5 dusja vi!<\/em><\/p><\/blockquote>\n<blockquote><p>januar &#8217;97<br \/>\n<strong>Gamle dager<\/strong><\/p>\n<p>Vi satt og s\u00e5 p\u00e5 en gammel filmavis p\u00e5 TV&#8217;n, selvsagt i sort-hvitt. Margrete funderte p\u00e5 en del ting rundt det der med &#8220;gamle dager&#8221;.<\/p>\n<p>Margrete: <em>Mamma, levd du i gamle dager?<\/em><br \/>\nMamma:    <em>Ja, \u00e6 gjor&#8217; no det&#8230;<\/em><br \/>\nMargrete: <em>Va&#8217; alt gr\u00e5tt i gamle dager..?<\/em><\/p><\/blockquote>\n<blockquote><p>mai &#8217;97<br \/>\n<strong>V\u00e6rmelding<\/strong><\/p>\n<p>Vi dro p\u00e5 butikken for \u00e5 handle grillmat til neste dag, og Margrete lurte p\u00e5 om vi kunne v\u00e6re sikker p\u00e5 at det ble godv\u00e6r dagen etter. Olav forklarte litt om v\u00e6rballonger &#8211; at de blir sendt opp for \u00e5 sjekke trykk og temperatur og s\u00e5nn. Den gik rett inn:<\/p>\n<p>Margrete: <em>\u00c5, ja ! Det skj\u00f8nne \u00e6, ja. Hvis ballongen flyr s\u00e5 bli det vind,           og hvis&#8217;n dett ned, da e&#8217; det vindstillt!<\/em><\/p><\/blockquote>\n<blockquote><p>mai &#8217;97<br \/>\n<strong>Kj\u00e6rlighet<\/strong><br \/>\nMargrete fant et gammelt bilde av mamma og Olav<\/p>\n<p>Margrete: <em>Olav, va herre f\u00f8rste gangen du s\u00e5 a&#8217; mamma?<\/em><br \/>\nOlav:     <em>Nei, \u00e6 trur itj det&#8230;?<\/em><br \/>\nMargrete: <em>Joho, det m\u00e5 det ha v\u00e6rt, for \u00e6 sjer at du har hjerta i \u00f8yan!<\/em><\/p>\n<p style=\"text-align: right;\">(Ref: Fakta)<\/p>\n<\/blockquote>\n<blockquote><p>juli &#8217;97<br \/>\n<strong>Gullkorn<\/strong><br \/>\nVi snakket om nettopp dette med artige barneutsagn, og at vi m\u00e5tte bli flinkere til \u00e5 huske \u00e5 skrive dem ned &#8211; og Fredrik hadde f\u00f8lgende gode r\u00e5d til s\u00f8stra si:  <em>&#8220;Margrete, no m\u00e5 du bynn&#8217; \u00e5 snakk sakte, s\u00e5nn at vi rekk&#8217; \u00e5 skriv&#8217;opp det du si!&#8221;<\/em><\/p><\/blockquote>\n<blockquote><p>oktober &#8217;97<br \/>\n<strong>Livet p\u00e5 landet<\/strong><br \/>\nVi var en tur innom g\u00e5rden til onkel Sverre i Selbu, og mens vi stod utp\u00e5 tunet og prata m\u00e5tte Fredrik p\u00e5 do. Da han kom ut igjen hadde han en kommentar om at det lukta s\u00e5nn <strong>sau <\/strong> p\u00e5 badet. Olav forklarte da at onkel Sverre hadde v\u00e6rt ute og samlet sauene den dagen. Etter ei stund kom sp\u00f8rsm\u00e5let:<\/p>\n<p>Margrete: <em>&#8220;Koffor har&#8217;n med s\u00e6 sauan p\u00e5 badet?&#8221;<\/em><\/p><\/blockquote>\n<blockquote><p>mars &#8217;98<br \/>\n<strong>Kjendiser og forvirring<\/strong><br \/>\nDet er ikke bestandig like lett \u00e5 skille fra hverandre alle kjendisene, det f\u00f8rer ofte til lettere mix n\u00e5r vi skal nevne navn eller synge en sang:<\/p>\n<p>Fredrik:   <em>&#8220;R\u00f8kke &amp; Jeltsin &amp; I&#8230;&#8221;<\/em><\/p>\n<p>Margrete:  <em>&#8220;Hjallis i eventyrland&#8230;.&#8221;<\/em><\/p><\/blockquote>\n<blockquote><p>april &#8217;98<strong><br \/>\nUniformerte forpliktelser<\/strong><br \/>\nMargrete har f\u00e5tt seg kystdrakt, en nydelig liten &#8220;bunadserstatning&#8221;. <em>&#8220;Kystdrakt&#8221;<\/em> er ikke et enkelt ord \u00e5 si som sju-\u00e5ring uten tenner, og n\u00e5r man ikke vet helt hva det betyr heller, s\u00e5&#8230;..<\/p>\n<p>Margrete: <em>Betyr det at d\u00e6m m\u00e5 kyss mytji n\u00e5r d\u00e6m har &#8220;kyss-trakt&#8221;?<\/em><\/p><\/blockquote>\n<blockquote><p>mai &#8217;98<br \/>\n<strong>Arbeidsgiverkonflikt<\/strong><br \/>\nMargrete er tr\u00f8tt om kvelden, og ofte haster det litt med \u00e5 si god natt, for man kan jo risikere \u00e5 sovne&#8230;<\/p>\n<p>Margrete: <em>Mamma, no m\u00e5 du fort d\u00e6 \u00e5 kom inn og si god natt te&#8217; m\u00e6, ellers           sovne \u00e6, og da f\u00e5r du sparken!<\/em><\/p><\/blockquote>\n<blockquote><p>juli &#8217;98<br \/>\n<strong>B\u00e5tf\u00f8rerpr\u00f8ven<\/strong><br \/>\nFredrik har blitt en kl\u00f8pper til \u00e5 kj\u00f8re b\u00e5t, og har blitt godt kjent i skj\u00e6rg\u00e5rden rundt omkring hytta. Alle som har v\u00e6rt der vet at det finnes ett og annet skj\u00e6r&#8230;<\/p>\n<p>Fredrik:  <em>&#8220;No e&#8217; \u00e6 s\u00e5 godt kjent p\u00e5 sj\u00f8en at \u00e6 kunna kj\u00f8rt i blinde &#8211; hvis itj det va for aill&#8217; skj\u00e6ran, da&#8230;&#8221;<\/em><\/p><\/blockquote>\n<figure id=\"attachment_4523\" aria-describedby=\"caption-attachment-4523\" style=\"width: 540px\" class=\"wp-caption aligncenter\"><img decoding=\"async\" loading=\"lazy\" class=\"size-full wp-image-4523 \" style=\"border: 1px solid black; margin-top: 1px; margin-bottom: 1px;\" title=\"fredrik-ror-pa-monsoy\" src=\"http:\/\/grete.duna.no\/blog\/wp-content\/uploads\/2010\/09\/fredrik-ror-pa-monsoy.jpg\" alt=\"\" width=\"540\" height=\"251\" srcset=\"https:\/\/grete.duna.no\/blog\/wp-content\/uploads\/2010\/09\/fredrik-ror-pa-monsoy.jpg 600w, https:\/\/grete.duna.no\/blog\/wp-content\/uploads\/2010\/09\/fredrik-ror-pa-monsoy-300x139.jpg 300w\" sizes=\"(max-width: 540px) 85vw, 540px\" \/><figcaption id=\"caption-attachment-4523\" class=\"wp-caption-text\">F\u00f8r motorkj\u00f8ring m\u00e5tte Fredrik l\u00e6re \u00e5 ro<\/figcaption><\/figure>\n<blockquote><p>august &#8217;98<br \/>\n<strong>Syvende sans?<\/strong><br \/>\nVi kj\u00f8rte bil, vi jentene, og Margrete erkl\u00e6rte at neste sang p\u00e5 radio kom til \u00e5 v\u00e6re med Spice Girls. Det ble det faktisk ogs\u00e5, og den gode forklaringen var ganske enkelt:<\/p>\n<p>Margrete: <em>&#8220;&#8230;\u00e6 e&#8217; langh\u00f8rt \u00e6 sj\u00f8!&#8221;<\/em><\/p><\/blockquote>\n<blockquote><p>august &#8217;98<br \/>\n<strong>Spam<\/strong><br \/>\nSom lykkelig innehaver av egen epost-adresse syns Margrete at det er uhyre spennende \u00e5 &#8220;kikke mail&#8221;. Skuffelsen er stor hver gang det ikke er noe der, og enda st\u00f8rre hvis det som finnes er bare reklame. Men hvordan vi blir kvitt spam har hun helt klart:<\/p>\n<p>Margrete: <em>Vi bare printe ut all mailan p\u00e5 papir, og s\u00e5 hive vi det i           raskb\u00f8tta!<\/em><\/p><\/blockquote>\n<blockquote><p>julaften &#8217;98<br \/>\n<strong>Venting<\/strong><\/p>\n<p>Fredrik:  <em>Tida e&#8217; itj&#8217; det som g\u00e5r fortest her i verden&#8230;!<\/em><\/p><\/blockquote>\n<blockquote><p>sommeren 1999<strong><br \/>\nTurn<\/strong><br \/>\nMargrete turner de fleste plasser det er mulig \u00e5 sl\u00e5 hjul eller g\u00e5 ned  i spagat, ogs\u00e5 i fj\u00e6ra p\u00e5 hytta. Fredrik filosoferer over dette:  <em>&#8220;T\u00e6nk d\u00e6 da, hvis a&#8217; Margrete sl\u00e5r hjul og g\u00e5r rett ned i spagaten &#8211; opp\u00e5 en kr\u00e5kebolle. T\u00e6nk d\u00e6 da&#8230;!&#8221;<\/em><\/p><\/blockquote>\n<blockquote><p>sommeren 2000<br \/>\n<strong>Naturfenomener<\/strong><br \/>\nLitt sol og litt regn gir ofte resultater. S\u00e6rdeles fascinert stirrer Tobias opp p\u00e5 himmelen og roper til mamma:  <em>&#8220;\u00c5 mamma sje, en albue!&#8221;<\/em><\/p><\/blockquote>\n<blockquote><p>april 2001<br \/>\n<strong>Fra badet<\/strong><br \/>\nSondre: <em>&#8220;borte vekk, tissemann momoi&#8221; Farmor: &#8220;Ja, farmor e dame og har ikke tissema&#8211;&#8221; Sondre: &#8220;<strong>DER E&#8217;N!<\/strong>&#8220;<\/em><\/p><\/blockquote>\n<p style=\"text-align: center;\"><em> <\/em><\/p>\n<figure id=\"attachment_4534\" aria-describedby=\"caption-attachment-4534\" style=\"width: 540px\" class=\"wp-caption aligncenter\"><em><em><img decoding=\"async\" loading=\"lazy\" class=\"size-full wp-image-4534 \" style=\"border: 1px solid black; margin-top: 1px; margin-bottom: 1px;\" title=\"sondre-og-momoi\" src=\"http:\/\/grete.duna.no\/blog\/wp-content\/uploads\/2010\/09\/sondre-og-momoi.jpg\" alt=\"\" width=\"540\" height=\"371\" srcset=\"https:\/\/grete.duna.no\/blog\/wp-content\/uploads\/2010\/09\/sondre-og-momoi.jpg 600w, https:\/\/grete.duna.no\/blog\/wp-content\/uploads\/2010\/09\/sondre-og-momoi-300x206.jpg 300w\" sizes=\"(max-width: 540px) 85vw, 540px\" \/><\/em><\/em><figcaption id=\"caption-attachment-4534\" class=\"wp-caption-text\">Nybadet Sondre p\u00e5 fanget til &quot;momoi&quot;<\/figcaption><\/figure>\n<p><em> <\/em><\/p>\n<blockquote><p>jula 2001<br \/>\n<strong>Amazing<\/strong><\/p>\n<p>Fredrik leser om storsl\u00e5tte palasser og utsmykninger, blant annet et  biljardbord i helt rent gull. P\u00e5 tr\u00f8ndersk blir det litt spesielt n\u00e5r et barn roper:  <em>&#8220;bestefar, tenk p\u00e5 det da, det e&#8217; purt gull!&#8221;<\/em><\/p><\/blockquote>\n<blockquote><p>sommeren 2002<br \/>\n<strong>Kloke ord<\/strong><\/p>\n<p>Fredrik: <em>&#8220;Si meg din adresse og jeg skal si deg hvor du bor!&#8221;<\/em><\/p><\/blockquote>\n<blockquote><p>april 2003<br \/>\n<strong>Imponert<\/strong><br \/>\nNydelig v\u00e6r i barnehagen, mamma kommer for \u00e5 hente guttene. En av ungene stikker av med ei vogn som st\u00e5r i sola, og barnehagetanta sier:  <em>&#8220;Den vogna m\u00e5 f\u00e5 st\u00e5 og t\u00f8rk i sola, hu Hege har vaska &#8216;a!&#8221;<\/em> Da snur Sondre seg og sp\u00f8r:  <em>&#8220;Har &#8216;a vaska sola?&#8221;<\/em><\/p><\/blockquote>\n<blockquote><p>mai 2003  <strong><br \/>\nSalmer og sanger<\/strong><\/p>\n<p>Storebror Fredrik konfirmeres. Sondre visste at det skulle synges i kirka, og var litt bekymret fordi han ikke kunne alle sangene. Etter en stund synger presten: <em>&#8220;Herre &#8211; h\u00f8r v\u00e5r b\u00f8nn&#8221;<\/em> og Sondre sier \u00f8yeblikkelig: <em>&#8220;\u00c5, det va en kort sang!&#8221;<\/em><\/p><\/blockquote>\n<blockquote><p>mai 2003<br \/>\n<strong>Kirkebygg<\/strong><br \/>\nSondre var i den samme konfirmasjonen mer opptatt av interi\u00f8ret i kirka enn det som foregikk framme ved alteret&#8230; Han snurret rundt og studerte det meste. Da han fikk \u00f8ye p\u00e5 galleriet og rekkverket h\u00f8yt der oppe utbr\u00f8t han:  <em>&#8220;Oj, sj\u00e5 kor sv\u00e6re bokhylla!&#8221;<\/em><\/p><\/blockquote>\n<blockquote><p>juni 2003<br \/>\n<strong>Kunstforst\u00e5else<\/strong><\/p>\n<p>P\u00e5 veggen bak sofaen henger Munch sitt bilde &#8220;Skrik&#8221;. Hvis du har sett det s\u00e5 har du kanskje lagt merke til at det finnes noen personer i bakgrunnen. Sondre s\u00e5 i alle fall dette da han kommenterte:  <em>&#8220;Sje p\u00e5 mannan som f\u00f8lge etter hu dama som gjespe!&#8221;<\/em><\/p><\/blockquote>\n<blockquote><p>august 2003<br \/>\n<strong>Det g\u00e5r alltid et tog&#8230;<\/strong><\/p>\n<p>Tur i skogen. Nydelig v\u00e6r og fine turstier, der noen jevnt og trutt har lagt stokker over spesielt gj\u00f8rmete omr\u00e5der. Tobias var ikke i tvil om hva dette var for noe:  <em>&#8220;Her har det v\u00e6rt togbane f\u00f8r!&#8221;<\/em><\/p><\/blockquote>\n<blockquote><p>september 2003<br \/>\n<strong>Soppkunnskap<\/strong><\/p>\n<p>Tobias leser i soppboka og kjenner faktisk etter hvert igjen en del av dem han har v\u00e6rt med p\u00e5 \u00e5 plukke. Han studerer symbolene for spiselige og giftige sopper og konkluderer:  <em>&#8220;Hvis det e Kaptein Sabeltann p\u00e5 dem, s\u00e5 e dem giftig!&#8221;<\/em><\/p><\/blockquote>\n<p style=\"text-align: center;\"><em> <\/em><\/p>\n<figure id=\"attachment_4539\" aria-describedby=\"caption-attachment-4539\" style=\"width: 540px\" class=\"wp-caption aligncenter\"><em><em><img decoding=\"async\" loading=\"lazy\" class=\"size-full wp-image-4539 \" style=\"border: 1px solid black; margin-top: 1px; margin-bottom: 1px;\" title=\"tobias-studerer-sopp\" src=\"http:\/\/grete.duna.no\/blog\/wp-content\/uploads\/2010\/09\/tobias-studerer-sopp.jpg\" alt=\"\" width=\"540\" height=\"349\" srcset=\"https:\/\/grete.duna.no\/blog\/wp-content\/uploads\/2010\/09\/tobias-studerer-sopp.jpg 600w, https:\/\/grete.duna.no\/blog\/wp-content\/uploads\/2010\/09\/tobias-studerer-sopp-300x194.jpg 300w\" sizes=\"(max-width: 540px) 85vw, 540px\" \/><\/em><\/em><figcaption id=\"caption-attachment-4539\" class=\"wp-caption-text\">Tobias studerer en sopp<\/figcaption><\/figure>\n<p><em> <\/em><\/p>\n<blockquote><p>v\u00e5ren 2010 <strong><br \/>\nLuktesans<\/strong><br \/>\nVi kom hjem etter en helg p\u00e5 hytta og jeg kjente med en gang at vi hadde glemt \u00e5 ta ut s\u00f8pla f\u00f8r vi dro. Sondre rynket p\u00e5 nesa da vi gikk inn og spurte:   <em>&#8220;Si m\u00e6 \u2013 feis vi f\u00f8r vi dro?&#8221;<\/em><\/p><\/blockquote>\n<blockquote><p>h\u00f8sten 2010<br \/>\n<strong>Hva man gj\u00f8r i private rom<\/strong><\/p>\n<p>Margrete: <em>&#8230;n\u00e5r man er p\u00e5 do og gj\u00f8r sitt forn\u00f8yde<\/em><\/p>\n<p>Dette f\u00f8rte naturlig nok til litt latter, hvorp\u00e5 hun foreslo <em>forn\u00f8yelige<\/em> som alternativ. Korreksjonen kom fra sidelinja:<\/p>\n<p>Sondre: <em>&#8230; sitt ford\u00f8yelige heter det!<\/em><\/p><\/blockquote>\n<p><strong>Ord og uttrykk<\/strong><\/p>\n<p>F\u00f8lgende ordliste viser noen av de ord og uttrykk som er blitt en del av v\u00e5rt hverdagsspr\u00e5k &#8211; det er bare ord som er <em>i bruk<\/em> som er tatt med her, ikke &#8220;tilfeldige&#8221; barneord, s\u00e5nn som &#8220;vovvov&#8221; for hund eller &#8220;gakkgakk&#8221; for and&#8230;. Vi er litt barnslige alle sammen \ud83d\ude42<\/p>\n<p>Bekkabai    = akebrett<br \/>\nBromskit = romskip<br \/>\nFei veiv    = feil vei<br \/>\nFia         = oppladbar mini-st\u00f8vsuger<br \/>\nFj\u00e6rkrek = egg (egg er ikke skalldyr, det er fj\u00e6rkrek)<br \/>\nForst\u00e6mt    = bestemt<br \/>\nForsvime    = besvime<br \/>\nFottegille = krokodille<br \/>\nFylm        = film<br \/>\nHyttra      = hytta p\u00e5 Hitra<br \/>\nH\u00f8ygen      = haugen (=Stokkhaugen, der bestemor og bestefar bor)<br \/>\nKi-ko       = lyden av d\u00f8rklokka (heller t\u00f8rr&#8230;.)<br \/>\nKoko        = st\u00f8vsugeren<br \/>\nLedling     = ledning<br \/>\nMijnne      = Sondre om Tobias og Tobias om Sondre<br \/>\nMomoi       = farmor (!)<br \/>\nNifsfarlig  = sv\u00e6rt farlig<br \/>\nN\u00f8ystet     = naustet<br \/>\nOa          = oldemor<br \/>\nOverg\u00e5rs    = forg\u00e5rs<br \/>\nP\u00f8yse       = pause<br \/>\nRolfbiff = roastbiff<br \/>\nRumbabass   = refleksbrikke<br \/>\nSpendene    = spennende<br \/>\nVankasi     = vanskelig (veldig vanskelig!)<br \/>\nV\u00e6nderan    = veranda<br \/>\n\u00c6seklon = heisekran<\/p>\n<p style=\"text-align: center;\">\n<figure id=\"attachment_4536\" aria-describedby=\"caption-attachment-4536\" style=\"width: 540px\" class=\"wp-caption aligncenter\"><img decoding=\"async\" loading=\"lazy\" class=\"size-full wp-image-4536 \" style=\"border: 1px solid black; margin-top: 1px; margin-bottom: 1px;\" title=\"minnje-og-minnje\" src=\"http:\/\/grete.duna.no\/blog\/wp-content\/uploads\/2010\/09\/minnje-og-minnje.jpg\" alt=\"\" width=\"540\" height=\"331\" srcset=\"https:\/\/grete.duna.no\/blog\/wp-content\/uploads\/2010\/09\/minnje-og-minnje.jpg 600w, https:\/\/grete.duna.no\/blog\/wp-content\/uploads\/2010\/09\/minnje-og-minnje-300x184.jpg 300w\" sizes=\"(max-width: 540px) 85vw, 540px\" \/><figcaption id=\"caption-attachment-4536\" class=\"wp-caption-text\">Mijnne og mijnne l\u00f8ser kryssord p\u00e5sken 2001<\/figcaption><\/figure>\n","protected":false},"excerpt":{"rendered":"<p>&#8220;Av barn og fulle folk f\u00e5r man h\u00f8re sannheten&#8221;, heter det. Det som er helt sikkert er at de f\u00f8lgende historiene er sanne, og at de har skapt latter er det ingen tvil om! For lenge siden&#8230; Sangglede Fredrik synger: &#8220;Hoppe! sa g\u00e5sa &#8211; danse! sa reven s\u00e5 hopper vi &#8211; s\u00e5 danser vi og &hellip; <a href=\"https:\/\/grete.duna.no\/blog\/grete\/familien-min\/fra-barnemunn\/\" class=\"more-link\">Continue reading<span class=\"screen-reader-text\"> &#8220;Fra barnemunn&#8221;<\/span><\/a><\/p>\n","protected":false},"author":2,"featured_media":0,"parent":2396,"menu_order":0,"comment_status":"closed","ping_status":"closed","template":"","meta":[],"_links":{"self":[{"href":"https:\/\/grete.duna.no\/blog\/wp-json\/wp\/v2\/pages\/4510"}],"collection":[{"href":"https:\/\/grete.duna.no\/blog\/wp-json\/wp\/v2\/pages"}],"about":[{"href":"https:\/\/grete.duna.no\/blog\/wp-json\/wp\/v2\/types\/page"}],"author":[{"embeddable":true,"href":"https:\/\/grete.duna.no\/blog\/wp-json\/wp\/v2\/users\/2"}],"replies":[{"embeddable":true,"href":"https:\/\/grete.duna.no\/blog\/wp-json\/wp\/v2\/comments?post=4510"}],"version-history":[{"count":27,"href":"https:\/\/grete.duna.no\/blog\/wp-json\/wp\/v2\/pages\/4510\/revisions"}],"predecessor-version":[{"id":4518,"href":"https:\/\/grete.duna.no\/blog\/wp-json\/wp\/v2\/pages\/4510\/revisions\/4518"}],"up":[{"embeddable":true,"href":"https:\/\/grete.duna.no\/blog\/wp-json\/wp\/v2\/pages\/2396"}],"wp:attachment":[{"href":"https:\/\/grete.duna.no\/blog\/wp-json\/wp\/v2\/media?parent=4510"}],"curies":[{"name":"wp","href":"https:\/\/api.w.org\/{rel}","templated":true}]}}