{"id":557,"date":"2009-12-19T23:56:11","date_gmt":"2009-12-19T22:56:11","guid":{"rendered":"http:\/\/grete.duna.no\/blog\/?page_id=557"},"modified":"2024-03-18T09:47:19","modified_gmt":"2024-03-18T08:47:19","slug":"hytta","status":"publish","type":"page","link":"https:\/\/grete.duna.no\/blog\/hytta\/","title":{"rendered":"Hytta"},"content":{"rendered":"<p>Hytta v\u00e5r ligger p\u00e5 \u00f8ya Elvalandet like utenfor Namsos. Stedet heter Vikan og hytta heter Solfang.<\/p>\n<p style=\"text-align: center;\"><img decoding=\"async\" loading=\"lazy\" class=\"aligncenter size-full wp-image-2914\" title=\"solfang-bygges\" src=\"https:\/\/grete.duna.no\/blog\/wp-content\/uploads\/2009\/12\/solfang-bygges.jpg\" alt=\"\" width=\"540\" height=\"249\" srcset=\"https:\/\/grete.duna.no\/blog\/wp-content\/uploads\/2009\/12\/solfang-bygges.jpg 1024w, https:\/\/grete.duna.no\/blog\/wp-content\/uploads\/2009\/12\/solfang-bygges-300x138.jpg 300w\" sizes=\"(max-width: 540px) 85vw, 540px\" \/><\/p>\n<h2>Siste nytt<\/h2>\n<p><strong>17. november 2013:<\/strong> Stormen Hilde satte <a href=\"https:\/\/grete.duna.no\/blog\/2013\/11\/17\/stormfullt\/\">grundige spor etter seg<\/a> p\u00e5 Vikan. P\u00e5 Solfang veltet et digert grantre over verandarekkverket og opp p\u00e5 taket. Verandaen m\u00e5 jekkes litt opp og rekkverket m\u00e5 bygges p\u00e5 nytt.<\/p>\n<figure id=\"attachment_15450\" aria-describedby=\"caption-attachment-15450\" style=\"width: 540px\" class=\"wp-caption alignleft\"><a href=\"https:\/\/grete.duna.no\/blog\/wp-content\/uploads\/2013\/12\/brukket-tre.jpg\"><img decoding=\"async\" loading=\"lazy\" class=\" wp-image-15450 \" style=\"border: 1px solid black; margin-top: 1px; margin-bottom: 1px;\" src=\"https:\/\/grete.duna.no\/blog\/wp-content\/uploads\/2013\/12\/brukket-tre.jpg\" alt=\"... fra sin knekte stamme\" width=\"540\" height=\"353\" srcset=\"https:\/\/grete.duna.no\/blog\/wp-content\/uploads\/2013\/12\/brukket-tre.jpg 600w, https:\/\/grete.duna.no\/blog\/wp-content\/uploads\/2013\/12\/brukket-tre-300x196.jpg 300w\" sizes=\"(max-width: 540px) 85vw, 540px\" \/><\/a><figcaption id=\"caption-attachment-15450\" class=\"wp-caption-text\">Treet har knekt som en fyrstikk<\/figcaption><\/figure>\n<p><strong>11. september 2011:<\/strong> Trappa ble ferdigbygd for et par uker siden, vi har fylt p\u00e5 jord og s\u00e5dd nytt gress som allerede spirer.<\/p>\n<p><strong>8. august 2011:<\/strong> Vi har st\u00f8pt pilarer til trapp p\u00e5 inngangssiden.<\/p>\n<p><strong>9. april 2011:<\/strong> Sn\u00f8fritt p\u00e5 g\u00e5rdsplassen, \u00e9n uke f\u00f8r p\u00e5ske. Vi har ryddet og brent kvist etter rotveltet gran utenfor Knausen.<\/p>\n<p><strong>23. februar 2011:<\/strong> Ferdigmelding for tilbygget er levert p\u00e5 byggesakskontoret i kommunen. Lurer p\u00e5 om jeg skal ramme inn ferdigattesten&#8230;?<\/p>\n<p><strong>7. november 2010:<\/strong> Tilbygget er ferdig. Denne helgen har vi satt inn d\u00f8r i boden og stengt for vinteren<\/p>\n<p><strong>22. august 2010:<\/strong> Gulvet p\u00e5 hemsen er oljet<\/p>\n<p><strong>15. august 2010:<\/strong> Panelet i rafta er p\u00e5 plass<\/p>\n<p><strong>6. august 2010:<\/strong> Sommerferien er over &#8211; vi har ferdig veranda og rekkverk<\/p>\n<p><strong>1. juli 2010:<\/strong> Jippi! Vi har f\u00e5tt <a href=\"https:\/\/grete.duna.no\/blog\/2010\/07\/02\/dette-har-vi-venta-pa-sa-lenge\/\">byggetillatelse<\/a>! Alle plantegninger og dokumenter er godkjent, og vi kan begynne bygging av utvendig bod og veranda.<\/p>\n<p><strong>13. juni 2010:<\/strong> Enda to uker har g\u00e5tt uten svar, etter at vi sendte oppdatert informasjon. Jeg begynner \u00e5 bli pessimist&#8230;<\/p>\n<p><strong>15. mai 2010:<\/strong> Midlertidig svar; saken m\u00e5 h\u00f8res hos fylkeskommunale og statlige organer ettersom det er dispensasjonss\u00f8knader. Frist for eventuelle endringer er 31. mai. N\u00e5 som tomta er fylt opp kan vi endre maksh\u00f8yde p\u00e5 pilarene til 80 cm, h\u00e5per det hjelper! Saksbehandlingen kan ta inntil 12 uker, s\u00e5 det er visst bare \u00e5 sm\u00f8re seg med t\u00e5lmodighet&#8230; Jeg har i alle fall tegningene som jeg pusler med i ventetiden.<\/p>\n<p style=\"text-align: center;\"><a href=\"https:\/\/grete.duna.no\/blog\/wp-content\/uploads\/2010\/05\/fasade-farge.jpg\"><img decoding=\"async\" loading=\"lazy\" class=\"size-full wp-image-2352 aligncenter\" style=\"border: 1px solid black; margin-top: 1px; margin-bottom: 1px;\" title=\"fasade-farge\" src=\"https:\/\/grete.duna.no\/blog\/wp-content\/uploads\/2010\/05\/fasade-farge.jpg\" alt=\"\" width=\"540\" height=\"203\" srcset=\"https:\/\/grete.duna.no\/blog\/wp-content\/uploads\/2010\/05\/fasade-farge.jpg 600w, https:\/\/grete.duna.no\/blog\/wp-content\/uploads\/2010\/05\/fasade-farge-300x113.jpg 300w\" sizes=\"(max-width: 540px) 85vw, 540px\" \/><\/a><\/p>\n<p><strong>10. mai 2010:<\/strong> Fortsatt ingen nyheter fra kommunen \ud83d\ude41<\/p>\n<p><strong>9. april 2010<\/strong>: I dag har jeg sendt inn s\u00f8knad om tilbygg og veranda. Kjempespent p\u00e5 om vi f\u00e5r lov \u00e5 gj\u00f8re dette s\u00e5nn som vi vil. Det blir i alle fall fint!<\/p>\n<p><strong>5. april 2010<\/strong>: Nesten all sn\u00f8en er borte, bare en stripe etter takraset p\u00e5 fremsiden. Men isen p\u00e5 baksiden ligger like st\u00f8dig, selv om det har blitt litt &#8220;slush&#8221; under hytta.<\/p>\n<p><strong>26. mars 2010<\/strong>: Vi har vann i springen igjen!<\/p>\n<p><strong>19. februar 2010<\/strong>: Vinterferie uten vann og med bortimot 20 minusgrader. Brrrr! Men vi har med Lukas p\u00e5 hytta for f\u00f8rste gang. Mye is bak hytta n\u00e5, og en god del sn\u00f8 som har lagt seg opp\u00e5 og isolerer den. Tipper den vil v\u00e6re der en stund&#8230;<\/p>\n<p>Album fra prosessen med \u00e5 bygge Solfang. Her er ogs\u00e5 en <a href=\"https:\/\/grete.duna.no\/hytta\">fullstendig oversikt<\/a>.<\/p>\n<table border=\"0\">\n<tbody>\n<tr>\n<td><strong><a href=\"https:\/\/grete.duna.no\/hytta\/solfang2007-01\/\"><img decoding=\"async\" loading=\"lazy\" class=\"alignleft size-thumbnail wp-image-558\" title=\"009-DSC00132.JPG.small\" src=\"https:\/\/grete.duna.no\/blog\/wp-content\/uploads\/2009\/12\/009-DSC00132.JPG.small_-150x119.jpg\" alt=\"009-DSC00132.JPG.small\" width=\"150\" height=\"119\" \/><\/a><a href=\"https:\/\/grete.duna.no\/hytta\/solfang2007-01\/\">2007 <\/a><\/strong>Vi har bestemt oss for \u00e5 s\u00f8ke om byggetillatelse p\u00e5 Vikan. Her er de f\u00f8rste bildene fra befaring p\u00e5 tomta og den spede starten p\u00e5 rydding av skog. Mesteparten av sommeren 2007 gikk med til dette arbeidet. Mest av alt har vi produsert ved, hauger og stabler i massevis. En del t\u00f8mmer ligger ubehandlet og m\u00e5 vente til neste sommer.<\/td>\n<\/tr>\n<tr>\n<td><strong><a href=\"https:\/\/grete.duna.no\/hytta\/solfang2008-01\/\"><img decoding=\"async\" loading=\"lazy\" class=\"alignleft size-thumbnail wp-image-560\" title=\"014-IMG_6402.JPG.small\" src=\"https:\/\/grete.duna.no\/blog\/wp-content\/uploads\/2009\/12\/014-IMG_6402.JPG.small_-150x106.jpg\" alt=\"014-IMG_6402.JPG.small\" width=\"150\" height=\"106\" \/><\/a><a href=\"https:\/\/grete.duna.no\/hytta\/solfang2008-01\/\">2008 <\/a><\/strong>Alle tegninger ble godkjent fra kommunen. Vi har planlagt en god stund, tomten er ryddet og vi er klare til innsats. Grunnsteinen plasseres i mai. Deretter er vi for alvor i gang med \u00e5 bygge. I l\u00f8pet av <a href=\"https:\/\/grete.duna.no\/hytta\/solfang2008-10\/\">sommeren <\/a>og <a href=\"https:\/\/grete.duna.no\/hytta\/solfang2008-13\/\">h\u00f8sten <\/a>blir vi ferdige med alt utvendig arbeid og f\u00e5r tett bygg inkludert d\u00f8rer, vinduer, tak og takrenner.<\/td>\n<\/tr>\n<tr>\n<td><strong><a href=\"https:\/\/grete.duna.no\/hytta\/solfang2009-09\/\"><img decoding=\"async\" loading=\"lazy\" class=\"alignleft size-thumbnail wp-image-569\" title=\"004-IMG_2243.JPG.small\" src=\"https:\/\/grete.duna.no\/blog\/wp-content\/uploads\/2009\/12\/004-IMG_2243.JPG.small_-150x119.jpg\" alt=\"004-IMG_2243.JPG.small\" width=\"150\" height=\"119\" \/><\/a><a href=\"https:\/\/grete.duna.no\/hytta\/solfang2009-09\/\">2009 <\/a><\/strong>Vi starter p\u00e5 innend\u00f8rs arbeid og jobber oss gjennom <a href=\"https:\/\/grete.duna.no\/hytta\/solfang2009-01\/\">vinterferie<\/a>, <a href=\"https:\/\/grete.duna.no\/hytta\/solfang2009-02\/\">p\u00e5ske<\/a>, <a href=\"https:\/\/grete.duna.no\/hytta\/solfang2009-07\/\">sommer <\/a>og <a href=\"https:\/\/grete.duna.no\/hytta\/solfang2009-11\/\">h\u00f8st<\/a>. Bel\u00f8nningen kommer til jul, da er hytta <a href=\"https:\/\/grete.duna.no\/hytta\/solfang2009-14\/\">innflytningsklar <\/a>og tas i bruk med alle fasiliteter for mange julegjester.<\/td>\n<\/tr>\n<\/tbody>\n<\/table>\n","protected":false},"excerpt":{"rendered":"<p>Hytta v\u00e5r ligger p\u00e5 \u00f8ya Elvalandet like utenfor Namsos. Stedet heter Vikan og hytta heter Solfang. Siste nytt 17. november 2013: Stormen Hilde satte grundige spor etter seg p\u00e5 Vikan. P\u00e5 Solfang veltet et digert grantre over verandarekkverket og opp p\u00e5 taket. Verandaen m\u00e5 jekkes litt opp og rekkverket m\u00e5 bygges p\u00e5 nytt. 11. september &hellip; <a href=\"https:\/\/grete.duna.no\/blog\/hytta\/\" class=\"more-link\">Continue reading<span class=\"screen-reader-text\"> &#8220;Hytta&#8221;<\/span><\/a><\/p>\n","protected":false},"author":2,"featured_media":0,"parent":0,"menu_order":2,"comment_status":"closed","ping_status":"closed","template":"","meta":[],"_links":{"self":[{"href":"https:\/\/grete.duna.no\/blog\/wp-json\/wp\/v2\/pages\/557"}],"collection":[{"href":"https:\/\/grete.duna.no\/blog\/wp-json\/wp\/v2\/pages"}],"about":[{"href":"https:\/\/grete.duna.no\/blog\/wp-json\/wp\/v2\/types\/page"}],"author":[{"embeddable":true,"href":"https:\/\/grete.duna.no\/blog\/wp-json\/wp\/v2\/users\/2"}],"replies":[{"embeddable":true,"href":"https:\/\/grete.duna.no\/blog\/wp-json\/wp\/v2\/comments?post=557"}],"version-history":[{"count":55,"href":"https:\/\/grete.duna.no\/blog\/wp-json\/wp\/v2\/pages\/557\/revisions"}],"predecessor-version":[{"id":25475,"href":"https:\/\/grete.duna.no\/blog\/wp-json\/wp\/v2\/pages\/557\/revisions\/25475"}],"wp:attachment":[{"href":"https:\/\/grete.duna.no\/blog\/wp-json\/wp\/v2\/media?parent=557"}],"curies":[{"name":"wp","href":"https:\/\/api.w.org\/{rel}","templated":true}]}}