{"id":6344,"date":"2014-03-06T11:20:17","date_gmt":"2014-03-06T10:20:17","guid":{"rendered":"http:\/\/grete.duna.no\/blog\/"},"modified":"2023-10-11T16:07:36","modified_gmt":"2023-10-11T14:07:36","slug":"hjemme","status":"publish","type":"page","link":"https:\/\/grete.duna.no\/blog\/","title":{"rendered":"Hjemme"},"content":{"rendered":"<p><a href=\"https:\/\/grete.duna.no\/blog\/wp-content\/uploads\/2023\/05\/received_1512778875796408-scaled.jpeg\"><img decoding=\"async\" loading=\"lazy\" class=\"aligncenter size-full wp-image-25461\" style=\"border: 1px solid black; margin-top: 1px; margin-bottom: 1px;\" src=\"https:\/\/grete.duna.no\/blog\/wp-content\/uploads\/2023\/05\/received_1512778875796408-scaled.jpeg\" alt=\"\" width=\"640\" height=\"1440\" \/><\/a><\/p>\n<p>Hjemme er der familien min er. Hjemme er der jeg kan lukke d\u00f8ra og v\u00e6re inne eller \u00e5pne d\u00f8ra og v\u00e6re ute. Hjemme er der alt er kjent, kj\u00e6rt og trygt. Hjemme er Stokkhaugen (og har egentlig alltid v\u00e6rt det, selv de \u00e5rene jeg ikke bodde her).<\/p>\n<figure id=\"attachment_10028\" aria-describedby=\"caption-attachment-10028\" style=\"width: 540px\" class=\"wp-caption aligncenter\"><a href=\"https:\/\/grete.duna.no\/blog\/wp-content\/uploads\/2012\/01\/hjemme-tiddelibom.jpg\"><img decoding=\"async\" loading=\"lazy\" class=\" wp-image-10028\" style=\"border: 1px solid black; margin-top: 1px; margin-bottom: 1px;\" src=\"https:\/\/grete.duna.no\/blog\/wp-content\/uploads\/2012\/01\/hjemme-tiddelibom.jpg\" alt=\"hjemme-tiddelibom\" width=\"540\" height=\"399\" srcset=\"https:\/\/grete.duna.no\/blog\/wp-content\/uploads\/2012\/01\/hjemme-tiddelibom.jpg 900w, https:\/\/grete.duna.no\/blog\/wp-content\/uploads\/2012\/01\/hjemme-tiddelibom-300x221.jpg 300w\" sizes=\"(max-width: 540px) 85vw, 540px\" \/><\/a><figcaption id=\"caption-attachment-10028\" class=\"wp-caption-text\">Et deilig sted \u00e5 komme til i ruskev\u00e6r<\/figcaption><\/figure>\n<figure id=\"attachment_8610\" aria-describedby=\"caption-attachment-8610\" style=\"width: 540px\" class=\"wp-caption aligncenter\"><a href=\"https:\/\/grete.duna.no\/blog\/wp-content\/uploads\/2011\/08\/stue-lameller.jpg\"><img decoding=\"async\" loading=\"lazy\" class=\" wp-image-8610 \" style=\"border: 1px solid black; margin-top: 1px; margin-bottom: 1px;\" src=\"https:\/\/grete.duna.no\/blog\/wp-content\/uploads\/2011\/08\/stue-lameller.jpg\" alt=\"Det slipper mye lys inn gjennom vinduene selv om lamellene er der\" width=\"540\" height=\"336\" srcset=\"https:\/\/grete.duna.no\/blog\/wp-content\/uploads\/2011\/08\/stue-lameller.jpg 600w, https:\/\/grete.duna.no\/blog\/wp-content\/uploads\/2011\/08\/stue-lameller-300x186.jpg 300w\" sizes=\"(max-width: 540px) 85vw, 540px\" \/><\/a><figcaption id=\"caption-attachment-8610\" class=\"wp-caption-text\">Stua mi der jeg alltid koser meg<\/figcaption><\/figure>\n<figure id=\"attachment_9101\" aria-describedby=\"caption-attachment-9101\" style=\"width: 540px\" class=\"wp-caption aligncenter\"><a href=\"https:\/\/grete.duna.no\/blog\/wp-content\/uploads\/2011\/09\/haugen-i-hostsol.jpg\"><img decoding=\"async\" loading=\"lazy\" class=\" wp-image-9101 \" style=\"border: 1px solid black; margin-top: 1px; margin-bottom: 1px;\" src=\"https:\/\/grete.duna.no\/blog\/wp-content\/uploads\/2011\/09\/haugen-i-hostsol.jpg\" alt=\"Huset v\u00e5rt i h\u00f8stsol\" width=\"540\" height=\"405\" srcset=\"https:\/\/grete.duna.no\/blog\/wp-content\/uploads\/2011\/09\/haugen-i-hostsol.jpg 600w, https:\/\/grete.duna.no\/blog\/wp-content\/uploads\/2011\/09\/haugen-i-hostsol-300x225.jpg 300w\" sizes=\"(max-width: 540px) 85vw, 540px\" \/><\/a><figcaption id=\"caption-attachment-9101\" class=\"wp-caption-text\">Deilig hage rundt huset<\/figcaption><\/figure>\n","protected":false},"excerpt":{"rendered":"<p>Hjemme er der familien min er. Hjemme er der jeg kan lukke d\u00f8ra og v\u00e6re inne eller \u00e5pne d\u00f8ra og v\u00e6re ute. Hjemme er der alt er kjent, kj\u00e6rt og trygt. Hjemme er Stokkhaugen (og har egentlig alltid v\u00e6rt det, selv de \u00e5rene jeg ikke bodde her).<\/p>\n","protected":false},"author":2,"featured_media":0,"parent":0,"menu_order":0,"comment_status":"closed","ping_status":"closed","template":"","meta":[],"_links":{"self":[{"href":"https:\/\/grete.duna.no\/blog\/wp-json\/wp\/v2\/pages\/6344"}],"collection":[{"href":"https:\/\/grete.duna.no\/blog\/wp-json\/wp\/v2\/pages"}],"about":[{"href":"https:\/\/grete.duna.no\/blog\/wp-json\/wp\/v2\/types\/page"}],"author":[{"embeddable":true,"href":"https:\/\/grete.duna.no\/blog\/wp-json\/wp\/v2\/users\/2"}],"replies":[{"embeddable":true,"href":"https:\/\/grete.duna.no\/blog\/wp-json\/wp\/v2\/comments?post=6344"}],"version-history":[{"count":21,"href":"https:\/\/grete.duna.no\/blog\/wp-json\/wp\/v2\/pages\/6344\/revisions"}],"predecessor-version":[{"id":25470,"href":"https:\/\/grete.duna.no\/blog\/wp-json\/wp\/v2\/pages\/6344\/revisions\/25470"}],"wp:attachment":[{"href":"https:\/\/grete.duna.no\/blog\/wp-json\/wp\/v2\/media?parent=6344"}],"curies":[{"name":"wp","href":"https:\/\/api.w.org\/{rel}","templated":true}]}}